{"id":861,"date":"2020-10-21T11:03:41","date_gmt":"2020-10-21T09:03:41","guid":{"rendered":"https:\/\/www.vinocentrum.sk\/stiavnica\/?post_type=product&#038;p=861"},"modified":"2025-01-17T13:41:54","modified_gmt":"2025-01-17T12:41:54","slug":"proza-2018-marvlatindo","status":"publish","type":"product","link":"https:\/\/www.vinocentrum.sk\/stiavnica\/produkt\/proza-2018-marvlatindo\/","title":{"rendered":"Pr\u00f3za 2022 marvlaTINDO"},"content":{"rendered":"<p>Cuv\u00e9e z odr\u00f4d rizling r\u00fdnsky a rizling vla\u0161sk\u00fd. V\u00edno prekvasilo na vlastn\u00fdch kvasink\u00e1ch. je ne\u010d\u00edren\u00e9 a nefiltrovan\u00e9, m\u00e1 jemn\u00fd sediment a jemne perl\u00ed. Chu\u0165 je typicky grepovo horkast\u00e1 a v\u00fdrazne dlh\u00e1.<\/p>\n","protected":false},"excerpt":{"rendered":"<p>Cuv\u00e9e z odr\u00f4d rizling r\u00fdnsky a rizling vla\u0161sk\u00fd. V\u00edno prekvasilo na vlastn\u00fdch kvasink\u00e1ch. je ne\u010d\u00edren\u00e9 a nefiltrovan\u00e9, m\u00e1 jemn\u00fd sediment a jemne perl\u00ed. Chu\u0165 je typicky grepovo horkast\u00e1 a v\u00fdrazne dlh\u00e1.<\/p>\n","protected":false},"featured_media":1338,"comment_status":"open","ping_status":"closed","template":"","meta":{"_genesis_hide_title":false,"_genesis_hide_breadcrumbs":false,"_genesis_hide_singular_image":false,"_genesis_hide_footer_widgets":false,"_genesis_custom_body_class":"","_genesis_custom_post_class":"","_genesis_layout":"","jetpack_post_was_ever_published":false,"jetpack_publicize_message":"","jetpack_publicize_feature_enabled":true,"jetpack_social_post_already_shared":true,"jetpack_social_options":{"image_generator_settings":{"template":"highway","default_image_id":0,"enabled":false},"version":2}},"product_brand":[],"product_cat":[34],"product_tag":[35,39],"class_list":{"0":"post-861","1":"product","2":"type-product","3":"status-publish","4":"has-post-thumbnail","6":"product_cat-marvlatindo","7":"product_tag-biele-vina","8":"product_tag-suche","9":"entry","11":"first","12":"instock","13":"shipping-taxable","14":"purchasable","15":"product-type-simple"},"jetpack_publicize_connections":[],"jetpack_sharing_enabled":true,"_links":{"self":[{"href":"https:\/\/www.vinocentrum.sk\/stiavnica\/wp-json\/wp\/v2\/product\/861","targetHints":{"allow":["GET"]}}],"collection":[{"href":"https:\/\/www.vinocentrum.sk\/stiavnica\/wp-json\/wp\/v2\/product"}],"about":[{"href":"https:\/\/www.vinocentrum.sk\/stiavnica\/wp-json\/wp\/v2\/types\/product"}],"replies":[{"embeddable":true,"href":"https:\/\/www.vinocentrum.sk\/stiavnica\/wp-json\/wp\/v2\/comments?post=861"}],"wp:featuredmedia":[{"embeddable":true,"href":"https:\/\/www.vinocentrum.sk\/stiavnica\/wp-json\/wp\/v2\/media\/1338"}],"wp:attachment":[{"href":"https:\/\/www.vinocentrum.sk\/stiavnica\/wp-json\/wp\/v2\/media?parent=861"}],"wp:term":[{"taxonomy":"product_brand","embeddable":true,"href":"https:\/\/www.vinocentrum.sk\/stiavnica\/wp-json\/wp\/v2\/product_brand?post=861"},{"taxonomy":"product_cat","embeddable":true,"href":"https:\/\/www.vinocentrum.sk\/stiavnica\/wp-json\/wp\/v2\/product_cat?post=861"},{"taxonomy":"product_tag","embeddable":true,"href":"https:\/\/www.vinocentrum.sk\/stiavnica\/wp-json\/wp\/v2\/product_tag?post=861"}],"curies":[{"name":"wp","href":"https:\/\/api.w.org\/{rel}","templated":true}]}}