{"id":685,"date":"2020-03-24T13:24:54","date_gmt":"2020-03-24T12:24:54","guid":{"rendered":"https:\/\/www.vinocentrum.sk\/stiavnica\/?post_type=product&#038;p=685"},"modified":"2025-01-17T14:35:35","modified_gmt":"2025-01-17T13:35:35","slug":"rulandske-modre-2021","status":"publish","type":"product","link":"https:\/\/www.vinocentrum.sk\/stiavnica\/produkt\/rulandske-modre-2021\/","title":{"rendered":"Pinot Noir 2021 V\u00edno natural Domin &#038; Ku\u0161ick\u00fd"},"content":{"rendered":"<p>Ve\u013ek\u00e9 v\u00edno, ve\u013emi reprezentat\u00edvny pinot noir. V\u00edno je harmonick\u00e9, jemn\u00e9 a intenz\u00edvne z\u00e1rove\u0148. Pikantn\u00e9 aj ovocn\u00e9 aj \u010dokol\u00e1dov\u00e9 chute s\u00fa vo vyv\u00e1\u017eenom pomere.<\/p>\n","protected":false},"excerpt":{"rendered":"<p>Ve\u013ek\u00e9 v\u00edno, ve\u013emi reprezentat\u00edvny pinot noir. V\u00edno je harmonick\u00e9, jemn\u00e9 a intenz\u00edvne z\u00e1rove\u0148. Pikantn\u00e9 aj ovocn\u00e9 aj \u010dokol\u00e1dov\u00e9 chute s\u00fa vo vyv\u00e1\u017eenom pomere.<\/p>\n","protected":false},"featured_media":1353,"comment_status":"open","ping_status":"closed","template":"","meta":{"_genesis_hide_title":false,"_genesis_hide_breadcrumbs":false,"_genesis_hide_singular_image":false,"_genesis_hide_footer_widgets":false,"_genesis_custom_body_class":"","_genesis_custom_post_class":"","_genesis_layout":"","jetpack_post_was_ever_published":false,"jetpack_publicize_message":"","jetpack_publicize_feature_enabled":true,"jetpack_social_post_already_shared":true,"jetpack_social_options":{"image_generator_settings":{"template":"highway","default_image_id":0,"enabled":false},"version":2}},"product_brand":[],"product_cat":[65],"product_tag":[36,39],"class_list":{"0":"post-685","1":"product","2":"type-product","3":"status-publish","4":"has-post-thumbnail","6":"product_cat-vino-natural-domin-kusicky","7":"product_tag-cervene-vina","8":"product_tag-suche","9":"entry","11":"first","12":"instock","13":"shipping-taxable","14":"purchasable","15":"product-type-simple"},"jetpack_publicize_connections":[],"jetpack_sharing_enabled":true,"_links":{"self":[{"href":"https:\/\/www.vinocentrum.sk\/stiavnica\/wp-json\/wp\/v2\/product\/685","targetHints":{"allow":["GET"]}}],"collection":[{"href":"https:\/\/www.vinocentrum.sk\/stiavnica\/wp-json\/wp\/v2\/product"}],"about":[{"href":"https:\/\/www.vinocentrum.sk\/stiavnica\/wp-json\/wp\/v2\/types\/product"}],"replies":[{"embeddable":true,"href":"https:\/\/www.vinocentrum.sk\/stiavnica\/wp-json\/wp\/v2\/comments?post=685"}],"wp:featuredmedia":[{"embeddable":true,"href":"https:\/\/www.vinocentrum.sk\/stiavnica\/wp-json\/wp\/v2\/media\/1353"}],"wp:attachment":[{"href":"https:\/\/www.vinocentrum.sk\/stiavnica\/wp-json\/wp\/v2\/media?parent=685"}],"wp:term":[{"taxonomy":"product_brand","embeddable":true,"href":"https:\/\/www.vinocentrum.sk\/stiavnica\/wp-json\/wp\/v2\/product_brand?post=685"},{"taxonomy":"product_cat","embeddable":true,"href":"https:\/\/www.vinocentrum.sk\/stiavnica\/wp-json\/wp\/v2\/product_cat?post=685"},{"taxonomy":"product_tag","embeddable":true,"href":"https:\/\/www.vinocentrum.sk\/stiavnica\/wp-json\/wp\/v2\/product_tag?post=685"}],"curies":[{"name":"wp","href":"https:\/\/api.w.org\/{rel}","templated":true}]}}