{"id":1375,"date":"2025-01-17T16:28:45","date_gmt":"2025-01-17T15:28:45","guid":{"rendered":"https:\/\/www.vinocentrum.sk\/stiavnica\/?post_type=product&#038;p=1375"},"modified":"2025-12-06T14:39:30","modified_gmt":"2025-12-06T13:39:30","slug":"rustical-2023-pivnica-cajkov","status":"publish","type":"product","link":"https:\/\/www.vinocentrum.sk\/stiavnica\/produkt\/rustical-2023-pivnica-cajkov\/","title":{"rendered":"Rustical 2023 Pivnica \u010cajkov"},"content":{"rendered":"<p>Odroda peseck\u00e1 le\u00e1nka, vyzrievan\u00e9 v dubov\u00fdch sudoch.\u00a0 Chu\u0165 je bohat\u00e1, ovocne korenist\u00e1, s pr\u00edjemnou trieslovinou.<\/p>\n","protected":false},"excerpt":{"rendered":"<p>Odroda peseck\u00e1 le\u00e1nka, vyzrievan\u00e9 v dubov\u00fdch sudoch.\u00a0 Chu\u0165 je bohat\u00e1, ovocne korenist\u00e1, s pr\u00edjemnou trieslovinou.<\/p>\n","protected":false},"featured_media":1376,"comment_status":"closed","ping_status":"closed","template":"","meta":{"_genesis_hide_title":false,"_genesis_hide_breadcrumbs":false,"_genesis_hide_singular_image":false,"_genesis_hide_footer_widgets":false,"_genesis_custom_body_class":"","_genesis_custom_post_class":"","_genesis_layout":"","jetpack_post_was_ever_published":false,"jetpack_publicize_message":"","jetpack_publicize_feature_enabled":true,"jetpack_social_post_already_shared":true,"jetpack_social_options":{"image_generator_settings":{"template":"highway","default_image_id":0,"enabled":false},"version":2}},"product_brand":[],"product_cat":[32],"product_tag":[56,39],"class_list":{"0":"post-1375","1":"product","2":"type-product","3":"status-publish","4":"has-post-thumbnail","6":"product_cat-pivnica-cajkov","7":"product_tag-oranzove-vina","8":"product_tag-suche","9":"entry","11":"first","12":"outofstock","13":"shipping-taxable","14":"purchasable","15":"product-type-simple"},"jetpack_publicize_connections":[],"jetpack_sharing_enabled":true,"_links":{"self":[{"href":"https:\/\/www.vinocentrum.sk\/stiavnica\/wp-json\/wp\/v2\/product\/1375","targetHints":{"allow":["GET"]}}],"collection":[{"href":"https:\/\/www.vinocentrum.sk\/stiavnica\/wp-json\/wp\/v2\/product"}],"about":[{"href":"https:\/\/www.vinocentrum.sk\/stiavnica\/wp-json\/wp\/v2\/types\/product"}],"replies":[{"embeddable":true,"href":"https:\/\/www.vinocentrum.sk\/stiavnica\/wp-json\/wp\/v2\/comments?post=1375"}],"wp:featuredmedia":[{"embeddable":true,"href":"https:\/\/www.vinocentrum.sk\/stiavnica\/wp-json\/wp\/v2\/media\/1376"}],"wp:attachment":[{"href":"https:\/\/www.vinocentrum.sk\/stiavnica\/wp-json\/wp\/v2\/media?parent=1375"}],"wp:term":[{"taxonomy":"product_brand","embeddable":true,"href":"https:\/\/www.vinocentrum.sk\/stiavnica\/wp-json\/wp\/v2\/product_brand?post=1375"},{"taxonomy":"product_cat","embeddable":true,"href":"https:\/\/www.vinocentrum.sk\/stiavnica\/wp-json\/wp\/v2\/product_cat?post=1375"},{"taxonomy":"product_tag","embeddable":true,"href":"https:\/\/www.vinocentrum.sk\/stiavnica\/wp-json\/wp\/v2\/product_tag?post=1375"}],"curies":[{"name":"wp","href":"https:\/\/api.w.org\/{rel}","templated":true}]}}