{"id":1370,"date":"2025-01-17T15:53:33","date_gmt":"2025-01-17T14:53:33","guid":{"rendered":"https:\/\/www.vinocentrum.sk\/stiavnica\/?post_type=product&#038;p=1370"},"modified":"2025-12-06T14:39:50","modified_gmt":"2025-12-06T13:39:50","slug":"dunaj-2023-murani-vino-cajkov","status":"publish","type":"product","link":"https:\/\/www.vinocentrum.sk\/stiavnica\/produkt\/dunaj-2023-murani-vino-cajkov\/","title":{"rendered":"Dunaj 2023 Mur\u00e1ni v\u00edno \u010cajkov"},"content":{"rendered":"<p>Mimoriadne mohutn\u00e9 a siln\u00e9 v\u00edno vyroben\u00e9 z dokonalo vyzret\u00e9ho hrozna slovenskej odrody Dunaj. Lekv\u00e1rov\u00e9 a\u017e lik\u00e9rov\u00e9 t\u00f3ny sladk\u00e9ho, zrel\u00e9ho ovocia v chuti a v\u00f4ni s dlh\u00fdm, hrejiv\u00fdm z\u00e1verom.<\/p>\n","protected":false},"excerpt":{"rendered":"<p>Mimoriadne mohutn\u00e9 a siln\u00e9 v\u00edno vyroben\u00e9 z dokonalo vyzret\u00e9ho hrozna slovenskej odrody Dunaj. Lekv\u00e1rov\u00e9 a\u017e lik\u00e9rov\u00e9 t\u00f3ny sladk\u00e9ho, zrel\u00e9ho ovocia v chuti a v\u00f4ni s dlh\u00fdm, hrejiv\u00fdm z\u00e1verom.<\/p>\n","protected":false},"featured_media":1371,"comment_status":"closed","ping_status":"closed","template":"","meta":{"_genesis_hide_title":false,"_genesis_hide_breadcrumbs":false,"_genesis_hide_singular_image":false,"_genesis_hide_footer_widgets":false,"_genesis_custom_body_class":"","_genesis_custom_post_class":"","_genesis_layout":"","jetpack_post_was_ever_published":false,"jetpack_publicize_message":"","jetpack_publicize_feature_enabled":true,"jetpack_social_post_already_shared":true,"jetpack_social_options":{"image_generator_settings":{"template":"highway","default_image_id":0,"enabled":false},"version":2}},"product_brand":[],"product_cat":[53],"product_tag":[36,39],"class_list":{"0":"post-1370","1":"product","2":"type-product","3":"status-publish","4":"has-post-thumbnail","6":"product_cat-murani-vino-cajkov","7":"product_tag-cervene-vina","8":"product_tag-suche","9":"entry","11":"first","12":"outofstock","13":"shipping-taxable","14":"purchasable","15":"product-type-simple"},"jetpack_publicize_connections":[],"jetpack_sharing_enabled":true,"_links":{"self":[{"href":"https:\/\/www.vinocentrum.sk\/stiavnica\/wp-json\/wp\/v2\/product\/1370","targetHints":{"allow":["GET"]}}],"collection":[{"href":"https:\/\/www.vinocentrum.sk\/stiavnica\/wp-json\/wp\/v2\/product"}],"about":[{"href":"https:\/\/www.vinocentrum.sk\/stiavnica\/wp-json\/wp\/v2\/types\/product"}],"replies":[{"embeddable":true,"href":"https:\/\/www.vinocentrum.sk\/stiavnica\/wp-json\/wp\/v2\/comments?post=1370"}],"wp:featuredmedia":[{"embeddable":true,"href":"https:\/\/www.vinocentrum.sk\/stiavnica\/wp-json\/wp\/v2\/media\/1371"}],"wp:attachment":[{"href":"https:\/\/www.vinocentrum.sk\/stiavnica\/wp-json\/wp\/v2\/media?parent=1370"}],"wp:term":[{"taxonomy":"product_brand","embeddable":true,"href":"https:\/\/www.vinocentrum.sk\/stiavnica\/wp-json\/wp\/v2\/product_brand?post=1370"},{"taxonomy":"product_cat","embeddable":true,"href":"https:\/\/www.vinocentrum.sk\/stiavnica\/wp-json\/wp\/v2\/product_cat?post=1370"},{"taxonomy":"product_tag","embeddable":true,"href":"https:\/\/www.vinocentrum.sk\/stiavnica\/wp-json\/wp\/v2\/product_tag?post=1370"}],"curies":[{"name":"wp","href":"https:\/\/api.w.org\/{rel}","templated":true}]}}