{"id":1335,"date":"2025-01-17T13:23:58","date_gmt":"2025-01-17T12:23:58","guid":{"rendered":"https:\/\/www.vinocentrum.sk\/stiavnica\/?post_type=product&#038;p=1335"},"modified":"2025-01-27T16:01:07","modified_gmt":"2025-01-27T15:01:07","slug":"lava-cuvee-2023-pivnica-csernus","status":"publish","type":"product","link":"https:\/\/www.vinocentrum.sk\/stiavnica\/produkt\/lava-cuvee-2023-pivnica-csernus\/","title":{"rendered":"L\u00e1va Cuv\u00e9e 2023 Pivnica Csernus"},"content":{"rendered":"<p>Som akostn\u00e9 \u010derven\u00e9 v\u00edno \u2013 polosuch\u00e9. Stredoslovensk\u00e1 Vinohradnick\u00e1 Oblas\u0165, Obec Vinica. M\u00e1m intenz\u00edvnu a zlo\u017eit\u00fa v\u00f4\u0148u, v ktorej dominuj\u00fa hlavne \u010derven\u00e9 a \u010dierne plody. Po 48 hod\u00edn macer\u00e1ci\u00ed sa dostanem do fermenta\u010dnej n\u00e1dr\u017ee, kde dostanem pekn\u00fa \u010dere\u0161\u0148ov\u00fa a vi\u0161\u0148ov\u00fa ar\u00f3mu, v\u00f4\u0148u sprev\u00e1dza jasn\u00e1 rub\u00ednov\u00e1 farba moku. Elegantn\u00e1 chu\u0165, klasick\u00e1 zrelos\u0165, dokonal\u00e1 rovnov\u00e1ha a nezabudnute\u013en\u00e1 pr\u00edchu\u0165 je pre m\u0148a charakteriztick\u00e1.<\/p>\n","protected":false},"excerpt":{"rendered":"<p>Som akostn\u00e9 \u010derven\u00e9 v\u00edno \u2013 polosuch\u00e9. Stredoslovensk\u00e1 Vinohradnick\u00e1 Oblas\u0165, Obec Vinica. M\u00e1m intenz\u00edvnu a zlo\u017eit\u00fa v\u00f4\u0148u, v ktorej dominuj\u00fa hlavne \u010derven\u00e9 a \u010dierne plody. Po 48 hod\u00edn macer\u00e1ci\u00ed sa dostanem do fermenta\u010dnej n\u00e1dr\u017ee, kde dostanem pekn\u00fa \u010dere\u0161\u0148ov\u00fa a vi\u0161\u0148ov\u00fa ar\u00f3mu, v\u00f4\u0148u sprev\u00e1dza jasn\u00e1 rub\u00ednov\u00e1 farba moku. Elegantn\u00e1 chu\u0165, klasick\u00e1 zrelos\u0165, dokonal\u00e1 rovnov\u00e1ha a nezabudnute\u013en\u00e1 pr\u00edchu\u0165 [&hellip;]<\/p>\n","protected":false},"featured_media":719,"comment_status":"closed","ping_status":"closed","template":"","meta":{"_genesis_hide_title":false,"_genesis_hide_breadcrumbs":false,"_genesis_hide_singular_image":false,"_genesis_hide_footer_widgets":false,"_genesis_custom_body_class":"","_genesis_custom_post_class":"","_genesis_layout":"","jetpack_post_was_ever_published":false,"jetpack_publicize_message":"","jetpack_publicize_feature_enabled":true,"jetpack_social_post_already_shared":true,"jetpack_social_options":{"image_generator_settings":{"template":"highway","default_image_id":0,"enabled":false},"version":2}},"product_brand":[],"product_cat":[59],"product_tag":[38,39],"class_list":{"0":"post-1335","1":"product","2":"type-product","3":"status-publish","4":"has-post-thumbnail","6":"product_cat-pivnica-csernus","7":"product_tag-ruzove-vina","8":"product_tag-suche","9":"entry","11":"first","12":"instock","13":"shipping-taxable","14":"purchasable","15":"product-type-simple"},"jetpack_publicize_connections":[],"jetpack_sharing_enabled":true,"_links":{"self":[{"href":"https:\/\/www.vinocentrum.sk\/stiavnica\/wp-json\/wp\/v2\/product\/1335","targetHints":{"allow":["GET"]}}],"collection":[{"href":"https:\/\/www.vinocentrum.sk\/stiavnica\/wp-json\/wp\/v2\/product"}],"about":[{"href":"https:\/\/www.vinocentrum.sk\/stiavnica\/wp-json\/wp\/v2\/types\/product"}],"replies":[{"embeddable":true,"href":"https:\/\/www.vinocentrum.sk\/stiavnica\/wp-json\/wp\/v2\/comments?post=1335"}],"wp:featuredmedia":[{"embeddable":true,"href":"https:\/\/www.vinocentrum.sk\/stiavnica\/wp-json\/wp\/v2\/media\/719"}],"wp:attachment":[{"href":"https:\/\/www.vinocentrum.sk\/stiavnica\/wp-json\/wp\/v2\/media?parent=1335"}],"wp:term":[{"taxonomy":"product_brand","embeddable":true,"href":"https:\/\/www.vinocentrum.sk\/stiavnica\/wp-json\/wp\/v2\/product_brand?post=1335"},{"taxonomy":"product_cat","embeddable":true,"href":"https:\/\/www.vinocentrum.sk\/stiavnica\/wp-json\/wp\/v2\/product_cat?post=1335"},{"taxonomy":"product_tag","embeddable":true,"href":"https:\/\/www.vinocentrum.sk\/stiavnica\/wp-json\/wp\/v2\/product_tag?post=1335"}],"curies":[{"name":"wp","href":"https:\/\/api.w.org\/{rel}","templated":true}]}}