{"id":1333,"date":"2025-01-17T13:21:04","date_gmt":"2025-01-17T12:21:04","guid":{"rendered":"https:\/\/www.vinocentrum.sk\/stiavnica\/?post_type=product&#038;p=1333"},"modified":"2025-01-27T15:53:35","modified_gmt":"2025-01-27T14:53:35","slug":"frankovka-modra-2021-pivnica-csernus","status":"publish","type":"product","link":"https:\/\/www.vinocentrum.sk\/stiavnica\/produkt\/frankovka-modra-2021-pivnica-csernus\/","title":{"rendered":"Frankovka modr\u00e1 2021 Pivnica Csernus"},"content":{"rendered":"<p>Som akostn\u00e9 \u010derven\u00e9 v\u00edno &#8211; such\u00e9. Stredoslovensk\u00e1 Vinohradnick\u00e1 Oblas\u0165, Obec Vinica. M\u00e1m elegantn\u00e9 kyseliny, \u013eahk\u00e9 a svie\u017ee telo, obsahujem bujn\u00fa a pikantn\u00fa chu\u0165 s hodv\u00e1bn\u00fdmi tan\u00ednmi. Vo v\u00f4ni a chuti preva\u017euj\u00fa zrel\u00e9 \u010derven\u00e9 plody, \u010dere\u0161ne a vi\u0161ne, doplnen\u00e9 jemnou korenistou. Skoro 8 mesa\u010dn\u00e9 zrenie v dubov\u00fdch sudoch rob\u00ed zo m\u0148a pln\u00e9 a zamatov\u00e9 v\u00edn\u200b\u200b, s vanilkovou a dymovou dochu\u0165ou, \u010do uchov\u00e1vam vo f\u013ea\u0161i po dobu nieko\u013ek\u00fdch rokov.<\/p>\n","protected":false},"excerpt":{"rendered":"<p>Som akostn\u00e9 \u010derven\u00e9 v\u00edno &#8211; such\u00e9. Stredoslovensk\u00e1 Vinohradnick\u00e1 Oblas\u0165, Obec Vinica. M\u00e1m elegantn\u00e9 kyseliny, \u013eahk\u00e9 a svie\u017ee telo, obsahujem bujn\u00fa a pikantn\u00fa chu\u0165 s hodv\u00e1bn\u00fdmi tan\u00ednmi. Vo v\u00f4ni a chuti preva\u017euj\u00fa zrel\u00e9 \u010derven\u00e9 plody, \u010dere\u0161ne a vi\u0161ne, doplnen\u00e9 jemnou korenistou. Skoro 8 mesa\u010dn\u00e9 zrenie v dubov\u00fdch sudoch rob\u00ed zo m\u0148a pln\u00e9 a zamatov\u00e9 v\u00edn\u200b\u200b, s [&hellip;]<\/p>\n","protected":false},"featured_media":839,"comment_status":"closed","ping_status":"closed","template":"","meta":{"_genesis_hide_title":false,"_genesis_hide_breadcrumbs":false,"_genesis_hide_singular_image":false,"_genesis_hide_footer_widgets":false,"_genesis_custom_body_class":"","_genesis_custom_post_class":"","_genesis_layout":"","jetpack_post_was_ever_published":false,"jetpack_publicize_message":"","jetpack_publicize_feature_enabled":true,"jetpack_social_post_already_shared":true,"jetpack_social_options":{"image_generator_settings":{"template":"highway","default_image_id":0,"enabled":false},"version":2}},"product_brand":[],"product_cat":[59],"product_tag":[36,39],"class_list":{"0":"post-1333","1":"product","2":"type-product","3":"status-publish","4":"has-post-thumbnail","6":"product_cat-pivnica-csernus","7":"product_tag-cervene-vina","8":"product_tag-suche","9":"entry","11":"first","12":"instock","13":"shipping-taxable","14":"purchasable","15":"product-type-simple"},"jetpack_publicize_connections":[],"jetpack_sharing_enabled":true,"_links":{"self":[{"href":"https:\/\/www.vinocentrum.sk\/stiavnica\/wp-json\/wp\/v2\/product\/1333","targetHints":{"allow":["GET"]}}],"collection":[{"href":"https:\/\/www.vinocentrum.sk\/stiavnica\/wp-json\/wp\/v2\/product"}],"about":[{"href":"https:\/\/www.vinocentrum.sk\/stiavnica\/wp-json\/wp\/v2\/types\/product"}],"replies":[{"embeddable":true,"href":"https:\/\/www.vinocentrum.sk\/stiavnica\/wp-json\/wp\/v2\/comments?post=1333"}],"wp:featuredmedia":[{"embeddable":true,"href":"https:\/\/www.vinocentrum.sk\/stiavnica\/wp-json\/wp\/v2\/media\/839"}],"wp:attachment":[{"href":"https:\/\/www.vinocentrum.sk\/stiavnica\/wp-json\/wp\/v2\/media?parent=1333"}],"wp:term":[{"taxonomy":"product_brand","embeddable":true,"href":"https:\/\/www.vinocentrum.sk\/stiavnica\/wp-json\/wp\/v2\/product_brand?post=1333"},{"taxonomy":"product_cat","embeddable":true,"href":"https:\/\/www.vinocentrum.sk\/stiavnica\/wp-json\/wp\/v2\/product_cat?post=1333"},{"taxonomy":"product_tag","embeddable":true,"href":"https:\/\/www.vinocentrum.sk\/stiavnica\/wp-json\/wp\/v2\/product_tag?post=1333"}],"curies":[{"name":"wp","href":"https:\/\/api.w.org\/{rel}","templated":true}]}}