{"id":1331,"date":"2025-01-17T13:18:30","date_gmt":"2025-01-17T12:18:30","guid":{"rendered":"https:\/\/www.vinocentrum.sk\/stiavnica\/?post_type=product&#038;p=1331"},"modified":"2025-12-06T14:40:40","modified_gmt":"2025-12-06T13:40:40","slug":"sauvignon-blanc-2023-pivnica-csernus","status":"publish","type":"product","link":"https:\/\/www.vinocentrum.sk\/stiavnica\/produkt\/sauvignon-blanc-2023-pivnica-csernus\/","title":{"rendered":"Sauvignon blanc 2024 Pivnica Csernus"},"content":{"rendered":"<p>Som ve\u013emi elegantn\u00e9 v\u00edno bez histam\u00ednu na ka\u017ed\u00fa pr\u00edle\u017eitos\u0165. Intenz\u00edvna v\u00f4\u0148a a chu\u0165 s pulzuj\u00facou kyselinkou charakterizuj\u00fa toto svie\u017ee a mlad\u00e9 v\u00edno. Vo v\u00f4ni dominuj\u00fa herb\u00e1lne t\u00f3ny \u017eih\u013eavy. Chu\u0165 je lahodn\u00e1 po egre\u0161och s\u00a0jemn\u00fdm dotykom<br \/>\n\u010diernej bazy.<\/p>\n","protected":false},"excerpt":{"rendered":"<p>Som ve\u013emi elegantn\u00e9 v\u00edno bez histam\u00ednu na ka\u017ed\u00fa pr\u00edle\u017eitos\u0165. Intenz\u00edvna v\u00f4\u0148a a chu\u0165 s pulzuj\u00facou kyselinkou charakterizuj\u00fa toto svie\u017ee a mlad\u00e9 v\u00edno. Vo v\u00f4ni dominuj\u00fa herb\u00e1lne t\u00f3ny \u017eih\u013eavy. Chu\u0165 je lahodn\u00e1 po egre\u0161och s\u00a0jemn\u00fdm dotykom \u010diernej bazy.<\/p>\n","protected":false},"featured_media":1038,"comment_status":"closed","ping_status":"closed","template":"","meta":{"_genesis_hide_title":false,"_genesis_hide_breadcrumbs":false,"_genesis_hide_singular_image":false,"_genesis_hide_footer_widgets":false,"_genesis_custom_body_class":"","_genesis_custom_post_class":"","_genesis_layout":"","jetpack_post_was_ever_published":false,"jetpack_publicize_message":"","jetpack_publicize_feature_enabled":true,"jetpack_social_post_already_shared":true,"jetpack_social_options":{"image_generator_settings":{"template":"highway","default_image_id":0,"enabled":false},"version":2}},"product_brand":[],"product_cat":[59],"product_tag":[35,39],"class_list":{"0":"post-1331","1":"product","2":"type-product","3":"status-publish","4":"has-post-thumbnail","6":"product_cat-pivnica-csernus","7":"product_tag-biele-vina","8":"product_tag-suche","9":"entry","11":"first","12":"instock","13":"shipping-taxable","14":"purchasable","15":"product-type-simple"},"jetpack_publicize_connections":[],"jetpack_sharing_enabled":true,"_links":{"self":[{"href":"https:\/\/www.vinocentrum.sk\/stiavnica\/wp-json\/wp\/v2\/product\/1331","targetHints":{"allow":["GET"]}}],"collection":[{"href":"https:\/\/www.vinocentrum.sk\/stiavnica\/wp-json\/wp\/v2\/product"}],"about":[{"href":"https:\/\/www.vinocentrum.sk\/stiavnica\/wp-json\/wp\/v2\/types\/product"}],"replies":[{"embeddable":true,"href":"https:\/\/www.vinocentrum.sk\/stiavnica\/wp-json\/wp\/v2\/comments?post=1331"}],"wp:featuredmedia":[{"embeddable":true,"href":"https:\/\/www.vinocentrum.sk\/stiavnica\/wp-json\/wp\/v2\/media\/1038"}],"wp:attachment":[{"href":"https:\/\/www.vinocentrum.sk\/stiavnica\/wp-json\/wp\/v2\/media?parent=1331"}],"wp:term":[{"taxonomy":"product_brand","embeddable":true,"href":"https:\/\/www.vinocentrum.sk\/stiavnica\/wp-json\/wp\/v2\/product_brand?post=1331"},{"taxonomy":"product_cat","embeddable":true,"href":"https:\/\/www.vinocentrum.sk\/stiavnica\/wp-json\/wp\/v2\/product_cat?post=1331"},{"taxonomy":"product_tag","embeddable":true,"href":"https:\/\/www.vinocentrum.sk\/stiavnica\/wp-json\/wp\/v2\/product_tag?post=1331"}],"curies":[{"name":"wp","href":"https:\/\/api.w.org\/{rel}","templated":true}]}}