{"id":1327,"date":"2025-01-17T13:09:58","date_gmt":"2025-01-17T12:09:58","guid":{"rendered":"https:\/\/www.vinocentrum.sk\/stiavnica\/?post_type=product&#038;p=1327"},"modified":"2025-01-30T11:39:35","modified_gmt":"2025-01-30T10:39:35","slug":"pirogranit-rizling-rynsky-2022-pivnica-csernus","status":"publish","type":"product","link":"https:\/\/www.vinocentrum.sk\/stiavnica\/produkt\/pirogranit-rizling-rynsky-2022-pivnica-csernus\/","title":{"rendered":"Pirogr\u00e1nit \u2013 Rizling R\u00fdnsky 2022 Pivnica Csernus"},"content":{"rendered":"<p>V tomto rizlingu \u00a0sa prejavuje komplexnos\u0165 \u010dist\u00fdch kysel\u00edn a typick\u00e9 kvetinov\u00e9 ar\u00f3my s n\u00e1znakom bieleho korenia. Jeho v\u00fdnimo\u010dnos\u0165 d\u00e1va 12 mesa\u010dn\u00e9 dozrievanie v 250 litrov\u00fdch pirogranitov\u00fdch guliach.<\/p>\n","protected":false},"excerpt":{"rendered":"<p>V tomto rizlingu \u00a0sa prejavuje komplexnos\u0165 \u010dist\u00fdch kysel\u00edn a typick\u00e9 kvetinov\u00e9 ar\u00f3my s n\u00e1znakom bieleho korenia. Jeho v\u00fdnimo\u010dnos\u0165 d\u00e1va 12 mesa\u010dn\u00e9 dozrievanie v 250 litrov\u00fdch pirogranitov\u00fdch guliach.<\/p>\n","protected":false},"featured_media":1390,"comment_status":"closed","ping_status":"closed","template":"","meta":{"_genesis_hide_title":false,"_genesis_hide_breadcrumbs":false,"_genesis_hide_singular_image":false,"_genesis_hide_footer_widgets":false,"_genesis_custom_body_class":"","_genesis_custom_post_class":"","_genesis_layout":"","jetpack_post_was_ever_published":false,"jetpack_publicize_message":"","jetpack_publicize_feature_enabled":true,"jetpack_social_post_already_shared":true,"jetpack_social_options":{"image_generator_settings":{"template":"highway","default_image_id":0,"enabled":false},"version":2}},"product_brand":[],"product_cat":[59],"product_tag":[35,41],"class_list":{"0":"post-1327","1":"product","2":"type-product","3":"status-publish","4":"has-post-thumbnail","6":"product_cat-pivnica-csernus","7":"product_tag-biele-vina","8":"product_tag-polosuche","9":"entry","11":"first","12":"instock","13":"shipping-taxable","14":"purchasable","15":"product-type-simple"},"jetpack_publicize_connections":[],"jetpack_sharing_enabled":true,"_links":{"self":[{"href":"https:\/\/www.vinocentrum.sk\/stiavnica\/wp-json\/wp\/v2\/product\/1327","targetHints":{"allow":["GET"]}}],"collection":[{"href":"https:\/\/www.vinocentrum.sk\/stiavnica\/wp-json\/wp\/v2\/product"}],"about":[{"href":"https:\/\/www.vinocentrum.sk\/stiavnica\/wp-json\/wp\/v2\/types\/product"}],"replies":[{"embeddable":true,"href":"https:\/\/www.vinocentrum.sk\/stiavnica\/wp-json\/wp\/v2\/comments?post=1327"}],"wp:featuredmedia":[{"embeddable":true,"href":"https:\/\/www.vinocentrum.sk\/stiavnica\/wp-json\/wp\/v2\/media\/1390"}],"wp:attachment":[{"href":"https:\/\/www.vinocentrum.sk\/stiavnica\/wp-json\/wp\/v2\/media?parent=1327"}],"wp:term":[{"taxonomy":"product_brand","embeddable":true,"href":"https:\/\/www.vinocentrum.sk\/stiavnica\/wp-json\/wp\/v2\/product_brand?post=1327"},{"taxonomy":"product_cat","embeddable":true,"href":"https:\/\/www.vinocentrum.sk\/stiavnica\/wp-json\/wp\/v2\/product_cat?post=1327"},{"taxonomy":"product_tag","embeddable":true,"href":"https:\/\/www.vinocentrum.sk\/stiavnica\/wp-json\/wp\/v2\/product_tag?post=1327"}],"curies":[{"name":"wp","href":"https:\/\/api.w.org\/{rel}","templated":true}]}}