{"id":1320,"date":"2025-01-17T12:40:33","date_gmt":"2025-01-17T11:40:33","guid":{"rendered":"https:\/\/www.vinocentrum.sk\/stiavnica\/?post_type=product&#038;p=1320"},"modified":"2025-02-07T12:15:36","modified_gmt":"2025-02-07T11:15:36","slug":"verite-rouge-2022-frtus-winery","status":"publish","type":"product","link":"https:\/\/www.vinocentrum.sk\/stiavnica\/produkt\/verite-rouge-2022-frtus-winery\/","title":{"rendered":"Verit\u00e9 rouge 2022 Frtus winery"},"content":{"rendered":"<p>Bohat\u00e1 rub\u00ednov\u00e1 farba v poh\u00e1ri. Na nose je zmes lesn\u00e9ho ovocia, ktor\u00e1 sa preklad\u00e1 ar\u00f3mou k\u00f4skov\u00edn s jemnou \u0161tipkou k\u00e1vov\u00e9ho b\u00f4bu. V chuti je znamenit\u00e1 harm\u00f3nia ovocn\u00fdch chut\u00ed s jemnou pr\u00e1cou dreven\u00e9ho suda so slad\u0161\u00edm, \u0161\u0165avnat\u00fdm dojazdom, ktor\u00fd robia toto v\u00edno v\u00fdnimo\u010dne pravdiv\u00fdm.<\/p>\n<p>Verit\u00e9 Rouge je assemblage v\u00edn Hron 2021, Dunaj 2022 a Frankovka Modr\u00e1 2022.<\/p>\n","protected":false},"excerpt":{"rendered":"<p>Bohat\u00e1 rub\u00ednov\u00e1 farba v poh\u00e1ri. Na nose je zmes lesn\u00e9ho ovocia, ktor\u00e1 sa preklad\u00e1 ar\u00f3mou k\u00f4skov\u00edn s jemnou \u0161tipkou k\u00e1vov\u00e9ho b\u00f4bu. V chuti je znamenit\u00e1 harm\u00f3nia ovocn\u00fdch chut\u00ed s jemnou pr\u00e1cou dreven\u00e9ho suda so slad\u0161\u00edm, \u0161\u0165avnat\u00fdm dojazdom, ktor\u00fd robia toto v\u00edno v\u00fdnimo\u010dne pravdiv\u00fdm. Verit\u00e9 Rouge je assemblage v\u00edn Hron 2021, Dunaj 2022 a Frankovka Modr\u00e1 [&hellip;]<\/p>\n","protected":false},"featured_media":1392,"comment_status":"closed","ping_status":"closed","template":"","meta":{"_genesis_hide_title":false,"_genesis_hide_breadcrumbs":false,"_genesis_hide_singular_image":false,"_genesis_hide_footer_widgets":false,"_genesis_custom_body_class":"","_genesis_custom_post_class":"","_genesis_layout":"","jetpack_post_was_ever_published":false,"jetpack_publicize_message":"","jetpack_publicize_feature_enabled":true,"jetpack_social_post_already_shared":true,"jetpack_social_options":{"image_generator_settings":{"template":"highway","default_image_id":0,"enabled":false},"version":2}},"product_brand":[],"product_cat":[68],"product_tag":[36,41],"class_list":{"0":"post-1320","1":"product","2":"type-product","3":"status-publish","4":"has-post-thumbnail","6":"product_cat-frtus-winery","7":"product_tag-cervene-vina","8":"product_tag-polosuche","9":"entry","11":"first","12":"instock","13":"shipping-taxable","14":"purchasable","15":"product-type-simple"},"jetpack_publicize_connections":[],"jetpack_sharing_enabled":true,"_links":{"self":[{"href":"https:\/\/www.vinocentrum.sk\/stiavnica\/wp-json\/wp\/v2\/product\/1320","targetHints":{"allow":["GET"]}}],"collection":[{"href":"https:\/\/www.vinocentrum.sk\/stiavnica\/wp-json\/wp\/v2\/product"}],"about":[{"href":"https:\/\/www.vinocentrum.sk\/stiavnica\/wp-json\/wp\/v2\/types\/product"}],"replies":[{"embeddable":true,"href":"https:\/\/www.vinocentrum.sk\/stiavnica\/wp-json\/wp\/v2\/comments?post=1320"}],"wp:featuredmedia":[{"embeddable":true,"href":"https:\/\/www.vinocentrum.sk\/stiavnica\/wp-json\/wp\/v2\/media\/1392"}],"wp:attachment":[{"href":"https:\/\/www.vinocentrum.sk\/stiavnica\/wp-json\/wp\/v2\/media?parent=1320"}],"wp:term":[{"taxonomy":"product_brand","embeddable":true,"href":"https:\/\/www.vinocentrum.sk\/stiavnica\/wp-json\/wp\/v2\/product_brand?post=1320"},{"taxonomy":"product_cat","embeddable":true,"href":"https:\/\/www.vinocentrum.sk\/stiavnica\/wp-json\/wp\/v2\/product_cat?post=1320"},{"taxonomy":"product_tag","embeddable":true,"href":"https:\/\/www.vinocentrum.sk\/stiavnica\/wp-json\/wp\/v2\/product_tag?post=1320"}],"curies":[{"name":"wp","href":"https:\/\/api.w.org\/{rel}","templated":true}]}}