{"id":1316,"date":"2025-01-17T12:29:43","date_gmt":"2025-01-17T11:29:43","guid":{"rendered":"https:\/\/www.vinocentrum.sk\/stiavnica\/?post_type=product&#038;p=1316"},"modified":"2025-12-06T14:42:05","modified_gmt":"2025-12-06T13:42:05","slug":"pesecka-leanka-2024-frtus-winery","status":"publish","type":"product","link":"https:\/\/www.vinocentrum.sk\/stiavnica\/produkt\/pesecka-leanka-2024-frtus-winery\/","title":{"rendered":"Peseck\u00e1 le\u00e1nka 2024 Frtus winery"},"content":{"rendered":"<p>V n\u00e1dychu sa mie\u0161aj\u00fa t\u00f3ny l\u00fa\u010dnych kvetov a \u010derstvo odtrhnutej broskyne, do ktorej sa zahryznete a c\u00edtite jej svie\u017eos\u0165, \u0161\u0165avnatos\u0165 a jemn\u00fa pikantn\u00fa kyselinku. Farba v kalichu zlatozelenkav\u00e1, iskriv\u00e1 a \u010d\u00edra. V n\u00e1dychu sa mie\u0161aj\u00fa t\u00f3ny l\u00fa\u010dnych kvetov a \u010derstvo odrhnutej broskyne do ktorej sa zahryznete a c\u00edtite jej svie\u017eos\u0165, \u0161\u0165avnatos\u0165 a jemn\u00fa pikantn\u00fa kyselinku.<\/p>\n","protected":false},"excerpt":{"rendered":"<p>V n\u00e1dychu sa mie\u0161aj\u00fa t\u00f3ny l\u00fa\u010dnych kvetov a \u010derstvo odtrhnutej broskyne, do ktorej sa zahryznete a c\u00edtite jej svie\u017eos\u0165, \u0161\u0165avnatos\u0165 a jemn\u00fa pikantn\u00fa kyselinku. Farba v kalichu zlatozelenkav\u00e1, iskriv\u00e1 a \u010d\u00edra. V n\u00e1dychu sa mie\u0161aj\u00fa t\u00f3ny l\u00fa\u010dnych kvetov a \u010derstvo odrhnutej broskyne do ktorej sa zahryznete a c\u00edtite jej svie\u017eos\u0165, \u0161\u0165avnatos\u0165 a jemn\u00fa pikantn\u00fa kyselinku.<\/p>\n","protected":false},"featured_media":1394,"comment_status":"closed","ping_status":"closed","template":"","meta":{"_genesis_hide_title":false,"_genesis_hide_breadcrumbs":false,"_genesis_hide_singular_image":false,"_genesis_hide_footer_widgets":false,"_genesis_custom_body_class":"","_genesis_custom_post_class":"","_genesis_layout":"","jetpack_post_was_ever_published":false,"jetpack_publicize_message":"","jetpack_publicize_feature_enabled":true,"jetpack_social_post_already_shared":true,"jetpack_social_options":{"image_generator_settings":{"template":"highway","default_image_id":0,"enabled":false},"version":2}},"product_brand":[],"product_cat":[68],"product_tag":[35,39],"class_list":{"0":"post-1316","1":"product","2":"type-product","3":"status-publish","4":"has-post-thumbnail","6":"product_cat-frtus-winery","7":"product_tag-biele-vina","8":"product_tag-suche","9":"entry","11":"first","12":"instock","13":"shipping-taxable","14":"purchasable","15":"product-type-simple"},"jetpack_publicize_connections":[],"jetpack_sharing_enabled":true,"_links":{"self":[{"href":"https:\/\/www.vinocentrum.sk\/stiavnica\/wp-json\/wp\/v2\/product\/1316","targetHints":{"allow":["GET"]}}],"collection":[{"href":"https:\/\/www.vinocentrum.sk\/stiavnica\/wp-json\/wp\/v2\/product"}],"about":[{"href":"https:\/\/www.vinocentrum.sk\/stiavnica\/wp-json\/wp\/v2\/types\/product"}],"replies":[{"embeddable":true,"href":"https:\/\/www.vinocentrum.sk\/stiavnica\/wp-json\/wp\/v2\/comments?post=1316"}],"wp:featuredmedia":[{"embeddable":true,"href":"https:\/\/www.vinocentrum.sk\/stiavnica\/wp-json\/wp\/v2\/media\/1394"}],"wp:attachment":[{"href":"https:\/\/www.vinocentrum.sk\/stiavnica\/wp-json\/wp\/v2\/media?parent=1316"}],"wp:term":[{"taxonomy":"product_brand","embeddable":true,"href":"https:\/\/www.vinocentrum.sk\/stiavnica\/wp-json\/wp\/v2\/product_brand?post=1316"},{"taxonomy":"product_cat","embeddable":true,"href":"https:\/\/www.vinocentrum.sk\/stiavnica\/wp-json\/wp\/v2\/product_cat?post=1316"},{"taxonomy":"product_tag","embeddable":true,"href":"https:\/\/www.vinocentrum.sk\/stiavnica\/wp-json\/wp\/v2\/product_tag?post=1316"}],"curies":[{"name":"wp","href":"https:\/\/api.w.org\/{rel}","templated":true}]}}