{"id":1309,"date":"2025-01-15T16:12:44","date_gmt":"2025-01-15T15:12:44","guid":{"rendered":"https:\/\/www.vinocentrum.sk\/stiavnica\/?post_type=product&#038;p=1309"},"modified":"2025-03-28T13:29:37","modified_gmt":"2025-03-28T12:29:37","slug":"alibernet-2019-vino-cajkov","status":"publish","type":"product","link":"https:\/\/www.vinocentrum.sk\/stiavnica\/produkt\/alibernet-2019-vino-cajkov\/","title":{"rendered":"Alibernet 2019 v\u00edno \u010cajkov"},"content":{"rendered":"<p>Pln\u00e9 vyzret\u00e9 korenist\u00e9 v\u00edno s pln\u00fdm a nekone\u010dn\u00fdm telom. Typick\u00e1 trieslovina je u\u017e rokmi harmonick\u00e1. V chuti je v\u0161etko \u010do m\u00e1 by\u0165\u00a0 v \u010dervenom v\u00edne &#8211; ovocnos\u0165, \u010dokol\u00e1da, pikantnos\u0165.<\/p>\n","protected":false},"excerpt":{"rendered":"<p>Pln\u00e9 vyzret\u00e9 korenist\u00e9 v\u00edno s pln\u00fdm a nekone\u010dn\u00fdm telom. Typick\u00e1 trieslovina je u\u017e rokmi harmonick\u00e1. V chuti je v\u0161etko \u010do m\u00e1 by\u0165\u00a0 v \u010dervenom v\u00edne &#8211; ovocnos\u0165, \u010dokol\u00e1da, pikantnos\u0165.<\/p>\n","protected":false},"featured_media":1361,"comment_status":"closed","ping_status":"closed","template":"","meta":{"_genesis_hide_title":false,"_genesis_hide_breadcrumbs":false,"_genesis_hide_singular_image":false,"_genesis_hide_footer_widgets":false,"_genesis_custom_body_class":"","_genesis_custom_post_class":"","_genesis_layout":"","jetpack_post_was_ever_published":false,"jetpack_publicize_message":"","jetpack_publicize_feature_enabled":true,"jetpack_social_post_already_shared":true,"jetpack_social_options":{"image_generator_settings":{"template":"highway","default_image_id":0,"enabled":false},"version":2}},"product_brand":[],"product_cat":[53],"product_tag":[36,39],"class_list":{"0":"post-1309","1":"product","2":"type-product","3":"status-publish","4":"has-post-thumbnail","6":"product_cat-murani-vino-cajkov","7":"product_tag-cervene-vina","8":"product_tag-suche","9":"entry","11":"first","12":"instock","13":"shipping-taxable","14":"purchasable","15":"product-type-simple"},"jetpack_publicize_connections":[],"jetpack_sharing_enabled":true,"_links":{"self":[{"href":"https:\/\/www.vinocentrum.sk\/stiavnica\/wp-json\/wp\/v2\/product\/1309","targetHints":{"allow":["GET"]}}],"collection":[{"href":"https:\/\/www.vinocentrum.sk\/stiavnica\/wp-json\/wp\/v2\/product"}],"about":[{"href":"https:\/\/www.vinocentrum.sk\/stiavnica\/wp-json\/wp\/v2\/types\/product"}],"replies":[{"embeddable":true,"href":"https:\/\/www.vinocentrum.sk\/stiavnica\/wp-json\/wp\/v2\/comments?post=1309"}],"wp:featuredmedia":[{"embeddable":true,"href":"https:\/\/www.vinocentrum.sk\/stiavnica\/wp-json\/wp\/v2\/media\/1361"}],"wp:attachment":[{"href":"https:\/\/www.vinocentrum.sk\/stiavnica\/wp-json\/wp\/v2\/media?parent=1309"}],"wp:term":[{"taxonomy":"product_brand","embeddable":true,"href":"https:\/\/www.vinocentrum.sk\/stiavnica\/wp-json\/wp\/v2\/product_brand?post=1309"},{"taxonomy":"product_cat","embeddable":true,"href":"https:\/\/www.vinocentrum.sk\/stiavnica\/wp-json\/wp\/v2\/product_cat?post=1309"},{"taxonomy":"product_tag","embeddable":true,"href":"https:\/\/www.vinocentrum.sk\/stiavnica\/wp-json\/wp\/v2\/product_tag?post=1309"}],"curies":[{"name":"wp","href":"https:\/\/api.w.org\/{rel}","templated":true}]}}