{"id":1304,"date":"2025-01-15T15:50:24","date_gmt":"2025-01-15T14:50:24","guid":{"rendered":"https:\/\/www.vinocentrum.sk\/stiavnica\/?post_type=product&#038;p=1304"},"modified":"2025-01-17T14:27:05","modified_gmt":"2025-01-17T13:27:05","slug":"pesecka-leanka-2024-vinarstvo-anton-uhnak","status":"publish","type":"product","link":"https:\/\/www.vinocentrum.sk\/stiavnica\/produkt\/pesecka-leanka-2024-vinarstvo-anton-uhnak\/","title":{"rendered":"Peseck\u00e1 le\u00e1nka 2024 vin\u00e1rstvo Anton Uhn\u00e1k"},"content":{"rendered":"<p>Harmonick\u00e1 Peseck\u00e1 Le\u00e1nka polosladk\u00e1, extrakt\u00edvna a plnej chuti. Ide o aromatick\u00e9 v\u00ednko s jemnou mu\u0161k\u00e1tovou pr\u00edchu\u0165ou s t\u00f3nmi svie\u017eeho ovocia. Na pozad\u00ed je c\u00edti\u0165 su\u0161en\u00e9 marhule. T\u00e1to odroda poch\u00e1dza z Rumunska a jej p\u00f4vodn\u00fd n\u00e1zov je Feteasca regala. V\u00fdnimo\u010dne dobre sa tejto odrode dar\u00ed v Tekovskej vinohradn\u00edckej oblasti, kde jedine\u010dny\u0301 charakter a mineralitu v\u00ednam dod\u00e1va tufov\u00e9 a andezitov\u00e9 podlo\u017eie poch\u00e1dzaj\u00face zo sope\u010dny\u0301ch vyvren\u00edn \u0160tiavnicky\u0301ch vrchov.<\/p>\n","protected":false},"excerpt":{"rendered":"<p>Harmonick\u00e1 Peseck\u00e1 Le\u00e1nka polosladk\u00e1, extrakt\u00edvna a plnej chuti. Ide o aromatick\u00e9 v\u00ednko s jemnou mu\u0161k\u00e1tovou pr\u00edchu\u0165ou s t\u00f3nmi svie\u017eeho ovocia. Na pozad\u00ed je c\u00edti\u0165 su\u0161en\u00e9 marhule. T\u00e1to odroda poch\u00e1dza z Rumunska a jej p\u00f4vodn\u00fd n\u00e1zov je Feteasca regala. V\u00fdnimo\u010dne dobre sa tejto odrode dar\u00ed v Tekovskej vinohradn\u00edckej oblasti, kde jedine\u010dny\u0301 charakter a mineralitu v\u00ednam dod\u00e1va [&hellip;]<\/p>\n","protected":false},"featured_media":1348,"comment_status":"closed","ping_status":"closed","template":"","meta":{"_genesis_hide_title":false,"_genesis_hide_breadcrumbs":false,"_genesis_hide_singular_image":false,"_genesis_hide_footer_widgets":false,"_genesis_custom_body_class":"","_genesis_custom_post_class":"","_genesis_layout":"","jetpack_post_was_ever_published":false,"jetpack_publicize_message":"","jetpack_publicize_feature_enabled":true,"jetpack_social_post_already_shared":true,"jetpack_social_options":{"image_generator_settings":{"template":"highway","default_image_id":0,"enabled":false},"version":2}},"product_brand":[],"product_cat":[62],"product_tag":[35,57],"class_list":{"0":"post-1304","1":"product","2":"type-product","3":"status-publish","4":"has-post-thumbnail","6":"product_cat-vinarstvo-anton-uhnak","7":"product_tag-biele-vina","8":"product_tag-polosladke","9":"entry","11":"first","12":"instock","13":"shipping-taxable","14":"purchasable","15":"product-type-simple"},"jetpack_publicize_connections":[],"jetpack_sharing_enabled":true,"_links":{"self":[{"href":"https:\/\/www.vinocentrum.sk\/stiavnica\/wp-json\/wp\/v2\/product\/1304","targetHints":{"allow":["GET"]}}],"collection":[{"href":"https:\/\/www.vinocentrum.sk\/stiavnica\/wp-json\/wp\/v2\/product"}],"about":[{"href":"https:\/\/www.vinocentrum.sk\/stiavnica\/wp-json\/wp\/v2\/types\/product"}],"replies":[{"embeddable":true,"href":"https:\/\/www.vinocentrum.sk\/stiavnica\/wp-json\/wp\/v2\/comments?post=1304"}],"wp:featuredmedia":[{"embeddable":true,"href":"https:\/\/www.vinocentrum.sk\/stiavnica\/wp-json\/wp\/v2\/media\/1348"}],"wp:attachment":[{"href":"https:\/\/www.vinocentrum.sk\/stiavnica\/wp-json\/wp\/v2\/media?parent=1304"}],"wp:term":[{"taxonomy":"product_brand","embeddable":true,"href":"https:\/\/www.vinocentrum.sk\/stiavnica\/wp-json\/wp\/v2\/product_brand?post=1304"},{"taxonomy":"product_cat","embeddable":true,"href":"https:\/\/www.vinocentrum.sk\/stiavnica\/wp-json\/wp\/v2\/product_cat?post=1304"},{"taxonomy":"product_tag","embeddable":true,"href":"https:\/\/www.vinocentrum.sk\/stiavnica\/wp-json\/wp\/v2\/product_tag?post=1304"}],"curies":[{"name":"wp","href":"https:\/\/api.w.org\/{rel}","templated":true}]}}