{"id":1302,"date":"2025-01-15T15:42:35","date_gmt":"2025-01-15T14:42:35","guid":{"rendered":"https:\/\/www.vinocentrum.sk\/stiavnica\/?post_type=product&#038;p=1302"},"modified":"2025-12-06T14:44:41","modified_gmt":"2025-12-06T13:44:41","slug":"pinot-noir-2023-pivnica-brhlovce","status":"publish","type":"product","link":"https:\/\/www.vinocentrum.sk\/stiavnica\/produkt\/pinot-noir-2023-pivnica-brhlovce\/","title":{"rendered":"Pinot noir 2023 Pivnica Brhlovce"},"content":{"rendered":"<p>Reprezentat\u00edvny pinot noir\u00a0 &#8211; \u013eahk\u00e9, intez\u00edvne, malinovo ovocn\u00e9 s jemnou \u010dokol\u00e1dovou dochu\u0165ou a pr\u00edjemnou trieslovinou.<\/p>\n","protected":false},"excerpt":{"rendered":"<p>Reprezentat\u00edvny pinot noir\u00a0 &#8211; \u013eahk\u00e9, intez\u00edvne, malinovo ovocn\u00e9 s jemnou \u010dokol\u00e1dovou dochu\u0165ou a pr\u00edjemnou trieslovinou.<\/p>\n","protected":false},"featured_media":1373,"comment_status":"closed","ping_status":"closed","template":"","meta":{"_genesis_hide_title":false,"_genesis_hide_breadcrumbs":false,"_genesis_hide_singular_image":false,"_genesis_hide_footer_widgets":false,"_genesis_custom_body_class":"","_genesis_custom_post_class":"","_genesis_layout":"","jetpack_post_was_ever_published":false,"jetpack_publicize_message":"","jetpack_publicize_feature_enabled":true,"jetpack_social_post_already_shared":true,"jetpack_social_options":{"image_generator_settings":{"template":"highway","default_image_id":0,"enabled":false},"version":2}},"product_brand":[],"product_cat":[66],"product_tag":[36,39],"class_list":{"0":"post-1302","1":"product","2":"type-product","3":"status-publish","4":"has-post-thumbnail","6":"product_cat-pivnica-brhlovce","7":"product_tag-cervene-vina","8":"product_tag-suche","9":"entry","11":"first","12":"outofstock","13":"shipping-taxable","14":"purchasable","15":"product-type-simple"},"jetpack_publicize_connections":[],"jetpack_sharing_enabled":true,"_links":{"self":[{"href":"https:\/\/www.vinocentrum.sk\/stiavnica\/wp-json\/wp\/v2\/product\/1302","targetHints":{"allow":["GET"]}}],"collection":[{"href":"https:\/\/www.vinocentrum.sk\/stiavnica\/wp-json\/wp\/v2\/product"}],"about":[{"href":"https:\/\/www.vinocentrum.sk\/stiavnica\/wp-json\/wp\/v2\/types\/product"}],"replies":[{"embeddable":true,"href":"https:\/\/www.vinocentrum.sk\/stiavnica\/wp-json\/wp\/v2\/comments?post=1302"}],"wp:featuredmedia":[{"embeddable":true,"href":"https:\/\/www.vinocentrum.sk\/stiavnica\/wp-json\/wp\/v2\/media\/1373"}],"wp:attachment":[{"href":"https:\/\/www.vinocentrum.sk\/stiavnica\/wp-json\/wp\/v2\/media?parent=1302"}],"wp:term":[{"taxonomy":"product_brand","embeddable":true,"href":"https:\/\/www.vinocentrum.sk\/stiavnica\/wp-json\/wp\/v2\/product_brand?post=1302"},{"taxonomy":"product_cat","embeddable":true,"href":"https:\/\/www.vinocentrum.sk\/stiavnica\/wp-json\/wp\/v2\/product_cat?post=1302"},{"taxonomy":"product_tag","embeddable":true,"href":"https:\/\/www.vinocentrum.sk\/stiavnica\/wp-json\/wp\/v2\/product_tag?post=1302"}],"curies":[{"name":"wp","href":"https:\/\/api.w.org\/{rel}","templated":true}]}}