{"id":1295,"date":"2025-01-15T14:03:49","date_gmt":"2025-01-15T13:03:49","guid":{"rendered":"https:\/\/www.vinocentrum.sk\/stiavnica\/?post_type=product&#038;p=1295"},"modified":"2025-12-06T14:45:21","modified_gmt":"2025-12-06T13:45:21","slug":"genopterix-2023","status":"publish","type":"product","link":"https:\/\/www.vinocentrum.sk\/stiavnica\/produkt\/genopterix-2023\/","title":{"rendered":"Genopterix 2023 V\u00edno od Franc\u00faza"},"content":{"rendered":"<p>Cuv\u00e9e odr\u00f4d sauvignon a tram\u00edn \u010derven\u00fd. V\u00edno je pln\u00e9, harmonick\u00e9 a v chuti sa vyskytuj\u00fa medov\u00e9 t\u00f3ny tram\u00ednu a svie\u017ee kyselinky sauvignonu.<\/p>\n","protected":false},"excerpt":{"rendered":"<p>Cuv\u00e9e odr\u00f4d sauvignon a tram\u00edn \u010derven\u00fd. V\u00edno je pln\u00e9, harmonick\u00e9 a v chuti sa vyskytuj\u00fa medov\u00e9 t\u00f3ny tram\u00ednu a svie\u017ee kyselinky sauvignonu.<\/p>\n","protected":false},"featured_media":1337,"comment_status":"closed","ping_status":"closed","template":"","meta":{"_genesis_hide_title":false,"_genesis_hide_breadcrumbs":false,"_genesis_hide_singular_image":false,"_genesis_hide_footer_widgets":false,"_genesis_custom_body_class":"","_genesis_custom_post_class":"","_genesis_layout":"","jetpack_post_was_ever_published":false,"jetpack_publicize_message":"","jetpack_publicize_feature_enabled":true,"jetpack_social_post_already_shared":true,"jetpack_social_options":{"image_generator_settings":{"template":"highway","default_image_id":0,"enabled":false},"version":2}},"product_brand":[],"product_cat":[54],"product_tag":[35,39],"class_list":{"0":"post-1295","1":"product","2":"type-product","3":"status-publish","4":"has-post-thumbnail","6":"product_cat-vino-od-francuza","7":"product_tag-biele-vina","8":"product_tag-suche","9":"entry","11":"first","12":"outofstock","13":"shipping-taxable","14":"purchasable","15":"product-type-simple"},"jetpack_publicize_connections":[],"jetpack_sharing_enabled":true,"_links":{"self":[{"href":"https:\/\/www.vinocentrum.sk\/stiavnica\/wp-json\/wp\/v2\/product\/1295","targetHints":{"allow":["GET"]}}],"collection":[{"href":"https:\/\/www.vinocentrum.sk\/stiavnica\/wp-json\/wp\/v2\/product"}],"about":[{"href":"https:\/\/www.vinocentrum.sk\/stiavnica\/wp-json\/wp\/v2\/types\/product"}],"replies":[{"embeddable":true,"href":"https:\/\/www.vinocentrum.sk\/stiavnica\/wp-json\/wp\/v2\/comments?post=1295"}],"wp:featuredmedia":[{"embeddable":true,"href":"https:\/\/www.vinocentrum.sk\/stiavnica\/wp-json\/wp\/v2\/media\/1337"}],"wp:attachment":[{"href":"https:\/\/www.vinocentrum.sk\/stiavnica\/wp-json\/wp\/v2\/media?parent=1295"}],"wp:term":[{"taxonomy":"product_brand","embeddable":true,"href":"https:\/\/www.vinocentrum.sk\/stiavnica\/wp-json\/wp\/v2\/product_brand?post=1295"},{"taxonomy":"product_cat","embeddable":true,"href":"https:\/\/www.vinocentrum.sk\/stiavnica\/wp-json\/wp\/v2\/product_cat?post=1295"},{"taxonomy":"product_tag","embeddable":true,"href":"https:\/\/www.vinocentrum.sk\/stiavnica\/wp-json\/wp\/v2\/product_tag?post=1295"}],"curies":[{"name":"wp","href":"https:\/\/api.w.org\/{rel}","templated":true}]}}