{"id":1243,"date":"2024-04-27T13:55:35","date_gmt":"2024-04-27T11:55:35","guid":{"rendered":"https:\/\/www.vinocentrum.sk\/stiavnica\/?post_type=product&#038;p=1243"},"modified":"2025-12-06T14:48:47","modified_gmt":"2025-12-06T13:48:47","slug":"sauvignon-2019-vino-od-francza","status":"publish","type":"product","link":"https:\/\/www.vinocentrum.sk\/stiavnica\/produkt\/sauvignon-2019-vino-od-francza\/","title":{"rendered":"Sauvignon 2019 V\u00edno od Francza"},"content":{"rendered":"<p>Sauvignon blanc vyzrievan\u00fd v dubov\u00fdch sudoch nieko\u013eko rokov. V\u00fdsledok je harmonick\u00e9 v\u00edno s pr\u00edjemnou hladkou kyselinou. M\u00e1 bohat\u00e9 telo s kr\u00e9movou dochu\u0165ou s t\u00f3nmi bielej \u010dokol\u00e1dy.<\/p>\n","protected":false},"excerpt":{"rendered":"<p>Sauvignon blanc vyzrievan\u00fd v dubov\u00fdch sudoch nieko\u013eko rokov. V\u00fdsledok je harmonick\u00e9 v\u00edno s pr\u00edjemnou hladkou kyselinou. M\u00e1 bohat\u00e9 telo s kr\u00e9movou dochu\u0165ou s t\u00f3nmi bielej \u010dokol\u00e1dy.<\/p>\n","protected":false},"featured_media":1185,"comment_status":"closed","ping_status":"closed","template":"","meta":{"_genesis_hide_title":false,"_genesis_hide_breadcrumbs":false,"_genesis_hide_singular_image":false,"_genesis_hide_footer_widgets":false,"_genesis_custom_body_class":"","_genesis_custom_post_class":"","_genesis_layout":"","jetpack_post_was_ever_published":false,"jetpack_publicize_message":"","jetpack_publicize_feature_enabled":true,"jetpack_social_post_already_shared":true,"jetpack_social_options":{"image_generator_settings":{"template":"highway","default_image_id":0,"enabled":false},"version":2}},"product_brand":[],"product_cat":[54],"product_tag":[35,39],"class_list":{"0":"post-1243","1":"product","2":"type-product","3":"status-publish","4":"has-post-thumbnail","6":"product_cat-vino-od-francuza","7":"product_tag-biele-vina","8":"product_tag-suche","9":"entry","11":"first","12":"outofstock","13":"shipping-taxable","14":"purchasable","15":"product-type-simple"},"jetpack_publicize_connections":[],"jetpack_sharing_enabled":true,"_links":{"self":[{"href":"https:\/\/www.vinocentrum.sk\/stiavnica\/wp-json\/wp\/v2\/product\/1243","targetHints":{"allow":["GET"]}}],"collection":[{"href":"https:\/\/www.vinocentrum.sk\/stiavnica\/wp-json\/wp\/v2\/product"}],"about":[{"href":"https:\/\/www.vinocentrum.sk\/stiavnica\/wp-json\/wp\/v2\/types\/product"}],"replies":[{"embeddable":true,"href":"https:\/\/www.vinocentrum.sk\/stiavnica\/wp-json\/wp\/v2\/comments?post=1243"}],"wp:featuredmedia":[{"embeddable":true,"href":"https:\/\/www.vinocentrum.sk\/stiavnica\/wp-json\/wp\/v2\/media\/1185"}],"wp:attachment":[{"href":"https:\/\/www.vinocentrum.sk\/stiavnica\/wp-json\/wp\/v2\/media?parent=1243"}],"wp:term":[{"taxonomy":"product_brand","embeddable":true,"href":"https:\/\/www.vinocentrum.sk\/stiavnica\/wp-json\/wp\/v2\/product_brand?post=1243"},{"taxonomy":"product_cat","embeddable":true,"href":"https:\/\/www.vinocentrum.sk\/stiavnica\/wp-json\/wp\/v2\/product_cat?post=1243"},{"taxonomy":"product_tag","embeddable":true,"href":"https:\/\/www.vinocentrum.sk\/stiavnica\/wp-json\/wp\/v2\/product_tag?post=1243"}],"curies":[{"name":"wp","href":"https:\/\/api.w.org\/{rel}","templated":true}]}}