{"id":1242,"date":"2024-04-27T13:15:27","date_gmt":"2024-04-27T11:15:27","guid":{"rendered":"https:\/\/www.vinocentrum.sk\/stiavnica\/?post_type=product&#038;p=1242"},"modified":"2025-12-06T14:49:00","modified_gmt":"2025-12-06T13:49:00","slug":"maceracion-sauvignon-2021-vino-od-francza","status":"publish","type":"product","link":"https:\/\/www.vinocentrum.sk\/stiavnica\/produkt\/maceracion-sauvignon-2021-vino-od-francza\/","title":{"rendered":"Maceracion Sauvignon 2021 V\u00edno od Francza"},"content":{"rendered":"<p>Sauvignon\u00a0 blanc v preveden\u00ed orange &#8211; kvasilo spolu s hroznom, vyzrievalo v bet\u00f3novom vajci. V\u00fdsledok je ve\u013emi noblesn\u00e9 v\u00edno s charakterom \u010diernych r\u00edbezl\u00ed a dlhou kr\u00e9movou dochu\u0165ou.<\/p>\n","protected":false},"excerpt":{"rendered":"<p>Sauvignon\u00a0 blanc v preveden\u00ed orange &#8211; kvasilo spolu s hroznom, vyzrievalo v bet\u00f3novom vajci. V\u00fdsledok je ve\u013emi noblesn\u00e9 v\u00edno s charakterom \u010diernych r\u00edbezl\u00ed a dlhou kr\u00e9movou dochu\u0165ou.<\/p>\n","protected":false},"featured_media":1186,"comment_status":"closed","ping_status":"closed","template":"","meta":{"_genesis_hide_title":false,"_genesis_hide_breadcrumbs":false,"_genesis_hide_singular_image":false,"_genesis_hide_footer_widgets":false,"_genesis_custom_body_class":"","_genesis_custom_post_class":"","_genesis_layout":"","jetpack_post_was_ever_published":false,"jetpack_publicize_message":"","jetpack_publicize_feature_enabled":true,"jetpack_social_post_already_shared":true,"jetpack_social_options":{"image_generator_settings":{"template":"highway","default_image_id":0,"enabled":false},"version":2}},"product_brand":[],"product_cat":[54],"product_tag":[35,56,39],"class_list":{"0":"post-1242","1":"product","2":"type-product","3":"status-publish","4":"has-post-thumbnail","6":"product_cat-vino-od-francuza","7":"product_tag-biele-vina","8":"product_tag-oranzove-vina","9":"product_tag-suche","10":"entry","12":"first","13":"outofstock","14":"shipping-taxable","15":"purchasable","16":"product-type-simple"},"jetpack_publicize_connections":[],"jetpack_sharing_enabled":true,"_links":{"self":[{"href":"https:\/\/www.vinocentrum.sk\/stiavnica\/wp-json\/wp\/v2\/product\/1242","targetHints":{"allow":["GET"]}}],"collection":[{"href":"https:\/\/www.vinocentrum.sk\/stiavnica\/wp-json\/wp\/v2\/product"}],"about":[{"href":"https:\/\/www.vinocentrum.sk\/stiavnica\/wp-json\/wp\/v2\/types\/product"}],"replies":[{"embeddable":true,"href":"https:\/\/www.vinocentrum.sk\/stiavnica\/wp-json\/wp\/v2\/comments?post=1242"}],"wp:featuredmedia":[{"embeddable":true,"href":"https:\/\/www.vinocentrum.sk\/stiavnica\/wp-json\/wp\/v2\/media\/1186"}],"wp:attachment":[{"href":"https:\/\/www.vinocentrum.sk\/stiavnica\/wp-json\/wp\/v2\/media?parent=1242"}],"wp:term":[{"taxonomy":"product_brand","embeddable":true,"href":"https:\/\/www.vinocentrum.sk\/stiavnica\/wp-json\/wp\/v2\/product_brand?post=1242"},{"taxonomy":"product_cat","embeddable":true,"href":"https:\/\/www.vinocentrum.sk\/stiavnica\/wp-json\/wp\/v2\/product_cat?post=1242"},{"taxonomy":"product_tag","embeddable":true,"href":"https:\/\/www.vinocentrum.sk\/stiavnica\/wp-json\/wp\/v2\/product_tag?post=1242"}],"curies":[{"name":"wp","href":"https:\/\/api.w.org\/{rel}","templated":true}]}}