{"id":406,"date":"2018-06-21T10:21:54","date_gmt":"2018-06-21T08:21:54","guid":{"rendered":"https:\/\/www.vinocentrum.sk\/stiavnica\/?page_id=406"},"modified":"2024-03-02T11:27:22","modified_gmt":"2024-03-02T10:27:22","slug":"zasady-ochrany-osobnych-udajov","status":"publish","type":"page","link":"https:\/\/www.vinocentrum.sk\/stiavnica\/zasady-ochrany-osobnych-udajov\/","title":{"rendered":"Z\u00e1sady ochrany osobn\u00fdch \u00fadajov"},"content":{"rendered":"<h2>Kto sme<\/h2>\n<p>Adresa na\u0161ej webovej str\u00e1nky je: https:\/\/www.vinocentrum.sk\/stiavnica.<\/p>\n<p>obchdn\u00e9 meno:BAHNA Trade s.r.o.<\/p>\n<p>s\u00eddlo: Vod\u00e1rensk\u00e1 290\/10 969 01 Bansk\u00e1 \u0160tiavnica<\/p>\n<p>I\u010cO: 47548894, DI\u010c DPH: SK2023953140<\/p>\n<p>prev\u00e1dzka: ViNOCENTRUM Bansk\u00e1 \u0160tiavnica, Kammerhofsk\u00e1 2, 96901<\/p>\n<h2>Ak\u00e9 osobn\u00e9 \u00fadaje z\u00edskavame a pre\u010do ich zbierame<\/h2>\n<h3>Koment\u00e1re<\/h3>\n<p>Ke\u010f n\u00e1v\u0161tevn\u00edci webu zanechavaj\u00fa na str\u00e1nke koment\u00e1re, zbierame \u00fadaje, ktor\u00e9 s\u00fa zobrazen\u00e9 vo formul\u00e1ri koment\u00e1ra a taktie\u017e IP adresu pou\u017e\u00edvate\u013eov a user-agent prehliada\u010da z d\u00f4vodu ochrany proti spamu.<\/p>\n<p>Anonymizovan\u00fd re\u0165azec vytvoren\u00fd z va\u0161ej e-mailovej adresy (naz\u00fdvan\u00fd aj hash) m\u00f4\u017ee by\u0165 poskytnut\u00fd slu\u017ebe Gravatar pre overenie, \u010di ju pou\u017e\u00edvate. Z\u00e1sady ochrany osobn\u00fdch \u00fadajov slu\u017eby Gravatar n\u00e1jdete na: https:\/\/automattic.com\/privacy\/. Po schv\u00e1len\u00ed v\u00e1\u0161ho koment\u00e1ra bude va\u0161a profilov\u00e1 fotografia verejne zobrazen\u00e1 spolu s obsahom v\u00e1\u0161ho koment\u00e1ra.<\/p>\n<h3>Multim\u00e9di\u00e1<\/h3>\n<p>Pri nahr\u00e1van\u00ed obr\u00e1zkov na webov\u00fa str\u00e1nku by ste sa mali vyhn\u00fa\u0165 nahr\u00e1vaniu obr\u00e1zkov s EXIF GPS \u00fadajmi o polohe. N\u00e1v\u0161tevn\u00edci webu m\u00f4\u017eu stiahnu\u0165 a zobrazi\u0165 ak\u00e9ko\u013evek \u00fadaje o polohe z obr\u00e1zkov.<\/p>\n<h3>S\u00fabory cookies<\/h3>\n<p>Ak prid\u00e1te koment\u00e1r na na\u0161ej str\u00e1nke, m\u00f4\u017eete s\u00fahlasi\u0165 s ulo\u017een\u00edm v\u00e1\u0161ho mena, e-mailovej adresy a webovej str\u00e1nky do s\u00faborov cookies. Je to pre va\u0161e pohodlie, aby ste nemuseli op\u00e4tovne vyp\u013a\u0148a\u0165 va\u0161e \u00fadaje znovu pri prid\u00e1van\u00ed \u010fal\u0161ieho koment\u00e1ra. Tieto s\u00fabory cookies s\u00fa platn\u00e9 jeden rok.<\/p>\n<p>Ak m\u00e1te na na\u0161ej webovej str\u00e1nke \u00fa\u010det a prihl\u00e1site sa, ulo\u017e\u00edme do\u010dasn\u00e9 s\u00fabory cookies na ur\u010denie toho, \u010di v\u00e1\u0161 prehliada\u010d akceptuje s\u00fabory cookies. Tieto s\u00fabory cookies neobsahuj\u00fa \u017eiadne osobn\u00e9 \u00fadaje a s\u00fa zru\u0161en\u00e9 pri zatvoren\u00ed prehliada\u010da.<\/p>\n<p>Pri prihl\u00e1sen\u00ed nastav\u00edme nieko\u013eko s\u00faborov cookies, aby sme ulo\u017eili va\u0161e prihlasovacie \u00fadaje a nastavenia zobrazenia. Prihlasovacie cookies s\u00fa platn\u00e9 dva dni a nastavenia zobrazenia jeden rok. Ak zvol\u00edte mo\u017enos\u0165 &#8222;zapam\u00e4ta\u0165&#8220;, va\u0161e prihl\u00e1senie bude platn\u00e9 dva t\u00fd\u017edne. Pri odhl\u00e1sen\u00ed sa z v\u00e1\u0161ho \u00fa\u010dtu s\u00fa s\u00fabory cookies odstr\u00e1nen\u00e9.<\/p>\n<p>Pri \u00faprave alebo publikovan\u00ed \u010dl\u00e1nku bud\u00fa vo va\u0161om prehliada\u010di ulo\u017een\u00e9 dodato\u010dn\u00e9 s\u00fabory cookies. Tieto s\u00fabory cookies neobsahuj\u00fa \u017eiadne osobn\u00e9 \u00fadaje a odkazuj\u00fa iba na ID \u010dl\u00e1nku, ktor\u00fd ste upravovali. S\u00fabory s\u00fa platn\u00e9 1 de\u0148.<\/p>\n<h3>Vlo\u017een\u00fd obsah z in\u00fdch webov\u00fdch str\u00e1nok<\/h3>\n<p>\u010cl\u00e1nky na tejto webovej str\u00e1nke m\u00f4\u017eu obsahova\u0165 vlo\u017een\u00fd obsah (napr. vide\u00e1, obr\u00e1zky, \u010dl\u00e1nky a podobne). Vlo\u017een\u00fd obsah z in\u00fdch str\u00e1nok sa chov\u00e1 rovnako, akoby n\u00e1v\u0161tevn\u00edk nav\u0161t\u00edvil in\u00fa webov\u00fa str\u00e1nku.<\/p>\n<p>Tieto webov\u00e9 str\u00e1nky m\u00f4\u017eu o v\u00e1s zbiera\u0165 osobn\u00e9 \u00fadaje, pou\u017e\u00edva\u0165 s\u00fabory cookies, vklada\u0165 tre\u0165o-strann\u00e9 sledovanie a monitorova\u0165 va\u0161u interakciu s vlo\u017een\u00fdm obsahom, v\u010detne sledovania va\u0161ej interakcie s vlo\u017een\u00fdm obsahom, ak na danej webovej str\u00e1nke m\u00e1te \u00fa\u010det a ste prihl\u00e1sen\u00fd.<\/p>\n<h2>Ako dlho uchov\u00e1vame va\u0161e \u00fadaje<\/h2>\n<p>Pri prid\u00e1van\u00ed koment\u00e1ra, koment\u00e1r a jeho meta\u00fadaje s\u00fa uchov\u00e1van\u00e9 oddelene. V\u010faka tomu vieme automaticky rozpozna\u0165 a schv\u00e1li\u0165 ak\u00e9ko\u013evek s\u00favisiace koment\u00e1re bez toho, aby museli by\u0165 podr\u017ean\u00e9 na moder\u00e1ciu.<\/p>\n<p>Pre pou\u017e\u00edvate\u013eov, ktor\u00ed sa zaregistruj\u00fa na na\u0161ich webov\u00fdch str\u00e1nkach (ak tak\u00ed existuj\u00fa), uklad\u00e1me aj osobn\u00e9 \u00fadaje, ktor\u00e9 poskytuj\u00fa, do ich u\u017e\u00edvate\u013esk\u00e9ho profilu. V\u0161etci pou\u017e\u00edvatelia m\u00f4\u017eu kedyko\u013evek zobrazi\u0165, upravi\u0165 alebo odstr\u00e1ni\u0165 svoje osobn\u00e9 \u00fadaje (okrem zmeny pou\u017e\u00edvate\u013esk\u00e9ho). Spr\u00e1vcovia webov\u00fdch str\u00e1nok tie\u017e m\u00f4\u017eu zobrazi\u0165 a upravi\u0165 tieto inform\u00e1cie.<\/p>\n<h2>Ak\u00e9 pr\u00e1va m\u00e1te nad svojimi \u00fadajmi<\/h2>\n<p>Z\u00a0toho, \u017ee sprac\u00favame va\u0161e osobn\u00e9 \u00fadaje,\u00a0v\u00e1m vypl\u00fdvaj\u00fa viacer\u00e9 pr\u00e1va. V pr\u00edpade, ak si uplatn\u00edte ak\u00e9ko\u013evek z ni\u017e\u0161ie uveden\u00fdch pr\u00e1v, budeme v\u00e1s o vybaven\u00ed Va\u0161ej \u017eiadosti informova\u0165 do 30 dn\u00ed odo d\u0148a jej doru\u010denia k n\u00e1m. V od\u00f4voden\u00fdch pr\u00edpadoch m\u00f4\u017eeme uveden\u00fa lehotu pred\u013a\u017ei\u0165 na 60 dn\u00ed, o \u010dom v\u00e1s budeme informova\u0165.<\/p>\n<h4>Pr\u00e1vo na pr\u00edstup k \u00fadajom<\/h4>\n<p>M\u00e1te pr\u00e1vo z\u00edska\u0165 od n\u00e1s potvrdenie o tom, \u010di sa o v\u00e1s sprac\u00favaj\u00fa osobn\u00e9 \u00fadaje a v pr\u00edpade, ak va\u0161e osobn\u00e9 \u00fadaje sprac\u00favame, poskytneme v\u00e1m inform\u00e1ciu o tom, ak\u00e9 \u00fadaje o v\u00e1s sprac\u00favame, za ak\u00fdm \u00fa\u010delom, komu boli va\u0161e osobn\u00e9 \u00fadaje poskytnut\u00e9, \u010di boli prenesen\u00e9 do tretej krajiny a ako dlho budeme va\u0161e osobn\u00e9 \u00fadaje uchov\u00e1va\u0165.<\/p>\n<h4>Pr\u00e1vo na opravu<\/h4>\n<p>M\u00fdli\u0165 sa je \u013eudsk\u00e9. Ak sa domnievate, \u017ee na\u0161a spolo\u010dnos\u0165 o v\u00e1s sprac\u00fava nespr\u00e1vne osobn\u00e9 \u00fadaje, m\u00f4\u017eete n\u00e1s po\u017eiada\u0165 o ich opravu. Z\u00e1le\u017e\u00ed n\u00e1m na tom, aby sme o v\u00e1s sprac\u00favali spr\u00e1vne osobn\u00e9 \u00fadaje, preto toto pr\u00e1vo ur\u010dite vyu\u017eite v\u017edy, ke\u010f pr\u00edde k zmene ak\u00e9hoko\u013evek v\u00e1\u0161ho osobn\u00e9ho \u00fadaju, ktor\u00fd je pre v\u00e1\u0161 vz\u0165ah s nami d\u00f4le\u017eit\u00fd.<\/p>\n<h4>Pr\u00e1vo na vymazanie (zabudnutie)<\/h4>\n<p>M\u00e1te pr\u00e1vo na vymazanie Va\u0161ich osobn\u00fdch \u00fadajov, ktor\u00e9 o v\u00e1s sprac\u00favame, v pr\u00edpade ak s\u00fa splnen\u00e9 nasledovn\u00e9 podmienky a neuplat\u0148uj\u00fa sa z\u00e1konn\u00e9 v\u00fdnimky:<\/p>\n<ul>\n<li>\u00fadaje u\u017e nie s\u00fa potrebn\u00e9 na \u00fa\u010dely, na ktor\u00e9 sa z\u00edskavali<\/li>\n<li>odvol\u00e1te s\u00fahlas na sprac\u00favanie Va\u0161ich osobn\u00fdch \u00fadajov a na ich sprac\u00favanie neexistuje in\u00fd pr\u00e1vny z\u00e1klad<\/li>\n<li>namietnete na z\u00e1klade Va\u0161ej konkr\u00e9tnej situ\u00e1cie sprac\u00favanie Va\u0161ich osobn\u00fdch \u00fadajov, sprac\u00favan\u00fdch na z\u00e1klade opr\u00e1vnen\u00e9ho z\u00e1ujmu a nepreva\u017euj\u00fa opr\u00e1vnen\u00e9 d\u00f4vody na sprac\u00favanie alebo namietnete sprac\u00favanie za \u00fa\u010delom priameho marketingu<br \/>\nosobn\u00e9 \u00fadaje sa sprac\u00favali nez\u00e1konne.<\/li>\n<\/ul>\n<p>V pr\u00edpade, ak by boli Va\u0161e osobn\u00e9 \u00fadaje zverejnen\u00e9 a Vy si u n\u00e1s uplatn\u00edte pr\u00e1vo na vymazanie, vyma\u017eeme aj tak\u00e9to zverejnen\u00e9 osobn\u00e9 \u00fadaje. Z\u00e1rove\u0148 budeme informova\u0165 ostatn\u00fdch pr\u00edjemcov va\u0161ich osobn\u00fdch \u00fadajov, \u017ee ste si uplatnili pr\u00e1vo na vymazanie a mali by teda vymaza\u0165 v\u0161etky odkazy na Va\u0161e osobn\u00e9 \u00fadaje, ak to bude technicky mo\u017en\u00e9 so zrete\u013eom na dostupn\u00fa technol\u00f3giu a n\u00e1klady na vykonanie t\u00fdchto opatren\u00ed.<\/p>\n<h4>Pr\u00e1vo na obmedzenie sprac\u00favania<\/h4>\n<p>M\u00e1te tie\u017e pr\u00e1vo n\u00e1s po\u017eiada\u0165 o do\u010dasn\u00e9 obmedzenie sprac\u00favania, a to v t\u00fdchto pr\u00edpadoch:<\/p>\n<ul>\n<li>ak sa domnievate, \u017ee o v\u00e1s sprac\u00favame nespr\u00e1vne osobn\u00e9 \u00fadaje, do doby, ne\u017e sa over\u00ed spr\u00e1vnos\u0165 t\u00fdchto osobn\u00fdch \u00fadajov<\/li>\n<li>sprac\u00favanie Va\u0161ich osobn\u00fdch je protiz\u00e1konn\u00e9 a Vy sa rozhodnete namiesto vymazania osobn\u00fdch \u00fadajov \u017eiada\u0165 obmedzenie ich sprac\u00favania<\/li>\n<li>u\u017e nepotrebujeme osobn\u00e9 \u00fadaje na \u00fa\u010dely sprac\u00favania, av\u0161ak tieto s\u00fa potrebn\u00e9 pre Va\u0161e vlastn\u00e9 \u00fa\u010dely preuk\u00e1zania, uplat\u0148ovania alebo obhajovania va\u0161ich pr\u00e1vnych n\u00e1rokov<\/li>\n<li>v pr\u00edpade ak namietate sprac\u00favanie Va\u0161ich osobn\u00fdch \u00fadajov, do doby overenia \u010di opr\u00e1vnen\u00e9 d\u00f4vody pre sprac\u00favanie osobn\u00fdch \u00fadajov preva\u017euj\u00fa nad va\u0161imi opr\u00e1vnen\u00fdmi z\u00e1ujmami<\/li>\n<\/ul>\n<h4>Pr\u00e1vo namieta\u0165<\/h4>\n<p>M\u00e1te pr\u00e1vo namieta\u0165 z d\u00f4vodov t\u00fdkaj\u00facich sa Va\u0161ej konkr\u00e9tnej situ\u00e1cie sprac\u00favanie Va\u0161ich osobn\u00fdch \u00fadajov, ktor\u00e9 je vykon\u00e1van\u00e9 na z\u00e1klade n\u00e1\u0161ho opr\u00e1vnen\u00e9ho z\u00e1ujmu, vr\u00e1tane pr\u00e1va namieta\u0165 proti profilovaniu zalo\u017een\u00e9mu na na\u0161om opr\u00e1vnenom z\u00e1ujme.<br \/>\nV\u017edy m\u00e1te tie\u017e pr\u00e1vo namieta\u0165 vo\u010di sprac\u00favaniu Va\u0161ich osobn\u00fdch \u00fadajov, ak sa tieto sprac\u00favaj\u00fa na \u00fa\u010dely priameho marketingu.<\/p>\n<h4>Pod\u00e1vanie s\u0165a\u017enost\u00ed<\/h4>\n<p>V pr\u00edpade, ak sa domnievate, \u017ee sprac\u00favanie va\u0161ich osobn\u00fdch \u00fadajov na\u0161ou spolo\u010dnos\u0165ou je v rozpore s platn\u00fdmi pr\u00e1vnymi predpismi na ochranu osobn\u00fdch \u00fadajov, m\u00e1te pr\u00e1vo poda\u0165 s\u0165a\u017enos\u0165 na n\u00e1\u0161 hlavn\u00fd dozorn\u00fd org\u00e1n \u2013 \u00darad na ochranu osobn\u00fdch \u00fadajov Slovenskej republiky.<\/p>\n<h2>Kam posielame va\u0161e \u00fadaje<\/h2>\n<p>Koment\u00e1re n\u00e1v\u0161tevn\u00edkov m\u00f4\u017eu by\u0165 kontrolovan\u00e9 prostredn\u00edctvom automatizovanej slu\u017eby na detekciu spamu.<\/p>\n<h2>WooCommerce<\/h2>\n<h3>\u010co zhroma\u017e\u010fujeme a uchov\u00e1vame<\/h3>\n<p>Po\u010das va\u0161ej n\u00e1v\u0161tevy na na\u0161ich webov\u00fdch str\u00e1nkach budeme zaznamen\u00e1va\u0165:<\/p>\n<ul>\n<li>Produkty ktor\u00e9 ste si prezerali: tento \u00fadaj je pou\u017e\u00edvan\u00fd napr. na zobrazenie naposledy viden\u00fdch produktov<\/li>\n<li>Poloha, IP adresa a typ prehliada\u010da: toto pou\u017eijeme na \u00fa\u010dely ako v\u00fdpo\u010det dan\u00ed \u010di po\u0161tovn\u00e9ho<\/li>\n<li>Adresa doru\u010denia: tento \u00fadaj je pou\u017e\u00edvan\u00fd napr. na kalkul\u00e1ciu po\u0161tovn\u00e9ho pred zadan\u00edm a odoslan\u00edm objedn\u00e1vky!<\/li>\n<\/ul>\n<p>Cookies budeme pou\u017e\u00edva\u0165 aj na sledovanie obsahu ko\u0161\u00edka, zatia\u013e \u010do budete prech\u00e1da\u0165 na\u0161u webov\u00fa str\u00e1nku<\/p>\n<p>Ke\u010f u n\u00e1s nak\u00fapite, po\u017eiadame v\u00e1s o poskytnutie inform\u00e1ci\u00ed vr\u00e1tane v\u00e1\u0161ho mena, faktura\u010dnej adresy, dodacej adresy, e-mailovej adresy, telef\u00f3nneho \u010d\u00edsla, \u00fadajov o kreditnej karte\/platbe a volite\u013en\u00fdch inform\u00e1ci\u00ed o \u00fa\u010dte ako pou\u017e\u00edvate\u013esk\u00e9ho mena a hesla. Tieto inform\u00e1cie pou\u017eijeme na \u00fa\u010dely, ako napr\u00edklad:<\/p>\n<ul>\n<li>Zasielanie inform\u00e1ci\u00ed o va\u0161om \u00fa\u010dte a objedn\u00e1vke.<\/li>\n<li>Odpovedanie na va\u0161e po\u017eiadavky, vr\u00e1tane refund\u00e1ci\u00ed a s\u0165a\u017enost\u00ed<\/li>\n<li>Spracovanie platieb a ochrana pred podvodom<\/li>\n<li>Nastavte svoj \u00fa\u010det pre n\u00e1\u0161 obchod<\/li>\n<li>Dodr\u017eiavame v\u0161etky z\u00e1konn\u00e9 povinnosti, ktor\u00e9 m\u00e1me. Napr\u00edklad v\u00fdpo\u010det dan\u00ed.<\/li>\n<li>Pom\u00f4\u017ete n\u00e1m zlep\u0161\u00ed\u0165 na\u0161u ponuku<\/li>\n<li>Po\u0161leme v\u00e1m marketingov\u00e9 ozn\u00e1menia, ak sa rozhodnete pre ich odber<\/li>\n<\/ul>\n<p>Ak si vytvor\u00edte \u00fa\u010det, ulo\u017e\u00edme va\u0161e meno, adresu, e-mail a telef\u00f3nne \u010d\u00edslo, ktor\u00e9 bud\u00fa pou\u017eit\u00e9 na vyplnenie \u00fadajov v pokladni pri va\u0161ich objedn\u00e1vkach.<\/p>\n<p>V\u0161eobecne uchov\u00e1vame inform\u00e1cie o v\u00e1s tak dlho, k\u00fdm potrebujeme tieto inform\u00e1cie na \u00fa\u010dely, na ktor\u00e9 ich zhroma\u017e\u010fujeme a pou\u017e\u00edvame alebo m\u00e1me z\u00e1konn\u00fa povinnos\u0165, aby sme ich aj na\u010falej uchov\u00e1vali. Napr\u00edklad, inform\u00e1cie o objedn\u00e1vke budeme uchov\u00e1va\u0165 po dobu XXX rokov na da\u0148ov\u00e9 a \u00fa\u010dtovn\u00e9 \u00fa\u010dely. Toto zah\u0155\u0148a va\u0161e meno, e-mailov\u00fa adresu a faktura\u010dn\u00e9 a dodacie adresy.<\/p>\n<p>Ulo\u017e\u00edme taktie\u017e koment\u00e1re alebo hodnotenia, ak ich sa rozhodnete zanecha\u0165.<\/p>\n<h3>Kto v na\u0161om t\u00edme m\u00e1 pr\u00edstup<\/h3>\n<p>\u010clenovia n\u00e1\u0161ho t\u00edmu maj\u00fa pr\u00edstup k inform\u00e1ci\u00e1m, ktor\u00e9 n\u00e1m poskytnete. Napr\u00edklad administr\u00e1tori aj spr\u00e1vcovia obchodov maj\u00fa pr\u00edstup:<\/p>\n<ul>\n<li>Inform\u00e1cie o objedn\u00e1vke ako, \u010do bolo zak\u00fapen\u00e9, kedy, kde sa m\u00e1 odosla\u0165, a<\/li>\n<li>Inform\u00e1cie o z\u00e1kazn\u00edkovi, ako je va\u0161e meno, e-mailov\u00e1 adresa a inform\u00e1cie o faktur\u00e1cii a dodan\u00ed.<\/li>\n<\/ul>\n<p>\u010clenovia n\u00e1\u0161ho t\u00edmu maj\u00fa pr\u00edstup k t\u00fdmto inform\u00e1ci\u00e1m, ktor\u00e9 pom\u00e1haj\u00fa spracov\u00e1va\u0165 objedn\u00e1vky, reklam\u00e1cie a venova\u0165 sa va\u0161im ot\u00e1zkam.<\/p>\n","protected":false},"excerpt":{"rendered":"<p>Kto sme Adresa na\u0161ej webovej str\u00e1nky je: https:\/\/www.vinocentrum.sk\/stiavnica. obchdn\u00e9 meno:BAHNA Trade s.r.o. s\u00eddlo: Vod\u00e1rensk\u00e1 290\/10 969 01 Bansk\u00e1 \u0160tiavnica I\u010cO: 47548894, DI\u010c DPH: SK2023953140 prev\u00e1dzka: ViNOCENTRUM Bansk\u00e1 \u0160tiavnica, Kammerhofsk\u00e1 2, 96901 Ak\u00e9 osobn\u00e9 \u00fadaje z\u00edskavame a pre\u010do ich zbierame Koment\u00e1re Ke\u010f n\u00e1v\u0161tevn\u00edci webu zanechavaj\u00fa na str\u00e1nke koment\u00e1re, zbierame \u00fadaje, ktor\u00e9 s\u00fa zobrazen\u00e9 vo formul\u00e1ri koment\u00e1ra [&hellip;]<\/p>\n","protected":false},"author":1,"featured_media":0,"parent":0,"menu_order":0,"comment_status":"closed","ping_status":"closed","template":"","meta":{"_genesis_hide_title":false,"_genesis_hide_breadcrumbs":false,"_genesis_hide_singular_image":false,"_genesis_hide_footer_widgets":false,"_genesis_custom_body_class":"","_genesis_custom_post_class":"","_genesis_layout":"","jetpack_post_was_ever_published":false,"footnotes":""},"class_list":{"0":"post-406","1":"page","2":"type-page","3":"status-publish","5":"entry"},"jetpack_sharing_enabled":true,"jetpack_shortlink":"https:\/\/wp.me\/P9MoDW-6y","_links":{"self":[{"href":"https:\/\/www.vinocentrum.sk\/stiavnica\/wp-json\/wp\/v2\/pages\/406","targetHints":{"allow":["GET"]}}],"collection":[{"href":"https:\/\/www.vinocentrum.sk\/stiavnica\/wp-json\/wp\/v2\/pages"}],"about":[{"href":"https:\/\/www.vinocentrum.sk\/stiavnica\/wp-json\/wp\/v2\/types\/page"}],"author":[{"embeddable":true,"href":"https:\/\/www.vinocentrum.sk\/stiavnica\/wp-json\/wp\/v2\/users\/1"}],"replies":[{"embeddable":true,"href":"https:\/\/www.vinocentrum.sk\/stiavnica\/wp-json\/wp\/v2\/comments?post=406"}],"version-history":[{"count":2,"href":"https:\/\/www.vinocentrum.sk\/stiavnica\/wp-json\/wp\/v2\/pages\/406\/revisions"}],"predecessor-version":[{"id":1228,"href":"https:\/\/www.vinocentrum.sk\/stiavnica\/wp-json\/wp\/v2\/pages\/406\/revisions\/1228"}],"wp:attachment":[{"href":"https:\/\/www.vinocentrum.sk\/stiavnica\/wp-json\/wp\/v2\/media?parent=406"}],"curies":[{"name":"wp","href":"https:\/\/api.w.org\/{rel}","templated":true}]}}