{"id":133,"date":"2018-03-23T18:47:11","date_gmt":"2018-03-23T17:47:11","guid":{"rendered":"https:\/\/www.vinocentrum.sk\/stiavnica\/?page_id=133"},"modified":"2023-02-08T15:11:22","modified_gmt":"2023-02-08T14:11:22","slug":"vinari","status":"publish","type":"page","link":"https:\/\/www.vinocentrum.sk\/stiavnica\/vinari\/","title":{"rendered":"Vin\u00e1ri"},"content":{"rendered":"<h5>Vo ViNOCENTRE pon\u00fakame v\u00edna od vin\u00e1rov z regi\u00f3nov Tekov a Hont, ktor\u00ed pestuj\u00fa hrozno a dor\u00e1baj\u00fa v\u00edno na ju\u017en\u00fdch svahoch \u0160tiavnick\u00fdch vrchov.\u00a0Tieto inform\u00e1cie s\u00fa s l\u00e1skav\u00fdm dovolen\u00edm autora prevzat\u00e9 z webu http:\/\/terroirtekov.sk.<\/h5>\n<p><strong>V\u00cdNO SVET\u00cdK<\/strong> je mal\u00e1 rodinn\u00e1 firma ktor\u00e1 sa v\u00fdrobou v\u00edna zaober\u00e1 od r.1990. Ing. J\u00e1n Svet\u00edk je absolventom V\u0160Z Brno, fakulta z\u00e1hradn\u00edctvo. S\u00fa\u010dasn\u00e1 produkcia firmy nepresahuje 7000 L v\u00edna so zameran\u00edm na v\u00fdrobu pr\u00edvlastkov\u00fdch v\u00edn. Pomer bieleho a \u010derven\u00e9ho v\u00edna je pribli\u017ene rovnak\u00fd\/1:1\/ v z\u00e1vislosti od kvality dan\u00e9ho ro\u010dn\u00edka. Pri v\u00fdrobe v\u00edn s\u00fa pou\u017e\u00edvan\u00e9 tradi\u010dn\u00e9 postupy a technol\u00f3gie bez pou\u017eitia filtr\u00e1cie a pomocn\u00fdch adit\u00edv. Na ferment\u00e1ciu mu\u0161tov s\u00fa pou\u017e\u00edvan\u00e9 autochtonne kvasinky. Cie\u013eom t\u00fdchto postupov je snaha o zachovanie typick\u00fdch ar\u00f3m.<\/p>\n<p><strong>Marvla TINDO<\/strong> je rozhodnutie dvoch rozdielnych \u013eud\u00ed , ktor\u00ed maj\u00fa spolo\u010dn\u00fd cie\u013e, v\u00edziu a sen \u2013 V\u00cdNO. Mal\u00e9 vin\u00e1rstvo s produkciou 8.000 a\u017e 10.000 litrov ro\u010dne vzniklo v roku 2009 a zameriava sa na v\u00fdrobu odrodov\u00fdch akostn\u00fdch v\u00edn s pr\u00edvlastkom a charakterom. Filozofiou vin\u00e1rstva je maxim\u00e1lne vyu\u017eitie potenci\u00e1lu hrozna zozbieran\u00e9ho vo vinohrade. Necha\u0165 prehovori\u0165 pr\u00edrodu a \u010das, lebo si mysl\u00edme, \u017ee by\u0165 svedkom procesu je viac ako by\u0165 jeho domnel\u00fdm re\u017eis\u00e9rom.<\/p>\n<p><strong>PIVNICA BRHLOVCE<\/strong> \u2013 V\u00edno zo skaln\u00fdch obyl\u00ed. Mal\u00e9 butikov\u00e9 vin\u00e1rstvo, ktor\u00e9 s\u00eddli v skaln\u00fdch obydliach v Brhlovciach. Venuje sa preva\u017ene \u010derven\u00fdm v\u00ednam, pri\u010dom hlavn\u00fdm pracovn\u00fdm n\u00e1strojom v pivnici je \u010das a intu\u00edcia. Cie\u013eom nie je vyrobi\u0165 jedno ve\u013ek\u00e9 v\u00edno, d\u00f4le\u017eit\u00e1 je cesta a kontinuita \u017eivota. Pinot Noir je t\u00fa\u017eba, ktor\u00e1 \u017eenie vpred a Frankovka Modr\u00e1, to je l\u00e1ska.<\/p>\n<p><strong>V\u00cdNO NICHTA<\/strong> je rodinn\u00e1 firma Branislava Nichtu, man\u017eelky Miroslavy a otca Jozefa, ktor\u00e1 vznikla v roku 1997, ke\u010f nadviazala na rodinn\u00fa trad\u00edciu dom\u00e1ceho vinohradn\u00edctva a vin\u00e1rstva. Ro\u010dn\u00e1 produkcia je 300 000 litrov v\u00edna, \u010di\u017ee objemom a rozsahom v\u00fdroby v\u00edna u\u017e patr\u00ed medzi stredn\u00e9 podniky na Slovensku. Rodina vlastn\u00ed 30 ha vinohradov a s odrodou Dev\u00edn za\u010d\u00ednali vo ve\u013ekom ako jedna z prv\u00fdch na Slovensku.<\/p>\n<p><strong>V\u00cdNUM UHN\u00c1K<\/strong> \u2013 Anton Uhn\u00e1k je vin\u00e1rstvo, ktor\u00e9 m\u00e1 nieko\u013eko genera\u010dn\u00fa vinohradn\u00edcku a vin\u00e1rsku trad\u00edciu. V s\u00fa\u010dasnosti vin\u00e1rstvo vedie Anton Uhn\u00e1k, ktor\u00fd dor\u00e1ba v\u00edna preva\u017ene modernou technol\u00f3giou spracovania. S\u00fa\u010dasn\u00e1 produkcia je 25 000 litrov v\u00edna. \u010cas\u0165 hrozna dopestuje firma sama a \u010das\u0165 hrozna vykupuje, pri\u010dom v\u0161etko hrozno poch\u00e1dza v\u00fdhradne z \u010cajkova. V Leviciach na stanici m\u00e1 firma podnikov\u00fa predaj\u0148u, kde okrem svojho vlastn\u00e9ho v\u00edna pred\u00e1va aj v\u00edna ostatn\u00fdch vin\u00e1rov zo zdru\u017eenia Terroir TEKOV.<\/p>\n<p><strong>PIVNICA \u010cAJKOV<\/strong> je vin\u00e1rska firma zalo\u017een\u00e1 rodinou Uhn\u00e1kovcov u\u017e v 17. storo\u010d\u00ed, ktor\u00e1 dnes pokra\u010duje v sl\u00e1ve svojich predkov. Ozdobou produkcie je Peseck\u00e1 le\u00e1nka (Feteasca regala) a Bratislavsk\u00e1 le\u00e1nka (Diev\u010die hrozno), ktor\u00e9 sa pre svoj temperament te\u0161ia u V\u00e1s st\u00e1le v\u00e4\u010d\u0161ej ob\u013eube. Vinici a v\u00ednu venuje firma Uhnak Vino ve\u013ek\u00e9 mno\u017estvo svojho \u010dasu. Svoje poslanie vidia v tvorbe nov\u00fdch met\u00f3d a kreativite pri v\u00fdrobe v\u00edna. Radi sk\u00fa\u0161aj\u00fa nov\u00e9 postupy a technol\u00f3gie.<\/p>\n<p><strong>MUR\u00c1NI V\u00cdNO \u010cAJKOV<\/strong> \u2013 Rodinn\u00e1 vinohradn\u00edcka a vin\u00e1rska spolo\u010dnos\u0165 Mur\u00e1ni-V\u00edno \u010cajkov s.r.o. vznikla v roku 1995. Obhospodaruje 12 ha vlastn\u00fdch vinohradov, ktor\u00e9 sa nach\u00e1dzaj\u00fa na \u00fap\u00e4t\u00ed \u0160tiavnick\u00fdch vrchov obce \u010cajkov. Vo svojej \u010dinnosti sa opiera o vz\u00e1cne sk\u00fasenosti svojich predkov. Mu\u0161t z bielych odr\u00f4d vstupuje do ferment\u00e1cie po odkalen\u00ed. S\u00fa\u010das\u0165ou vin\u00e1rskej technol\u00f3gie je pou\u017eitie \u010dist\u00fdch kult\u00far v\u00ednnych kvasiniek ako aj fyzik\u00e1lna regul\u00e1cia procesu kvasenia a dokv\u00e1\u0161ania. V\u0161etky na\u0161e v\u00edna poch\u00e1dzaj\u00fa z hrozna tradi\u010dn\u00fdch mu\u0161tov\u00fdch odr\u00f4d a novo\u0161\u013eachtencov. Z bielych sort s\u00fa zast\u00fapen\u00e9 Ryzling r\u00fdnsky, Sauvignon blanc, Rulandsk\u00e9 biele a siv\u00e9 a z \u010derven\u00fdch Dunaj, Nitria, Merlot, Frankovka modr\u00e1, Rulandsk\u00e9 modr\u00e9 a Alibernet. Firma pl\u00e1nuje \u010fal\u0161ie nov\u00e9 v\u00fdsadby na ploche 4 ha.<\/p>\n<p><strong>FRT\u00daS WINERY<\/strong> je nov\u00e9 vin\u00e1rstvo v obci Podlu\u017eany, ktor\u00e9 sa nechce zaradi\u0165 medzi mnoh\u00fdch, chceme by\u0165 jedno z m\u00e1la vin\u00e1rstiev a preto prin\u00e1\u0161ame nie\u010do ,\u010do spoj\u00ed eleganciu, n\u00e1paditos\u0165, \u0161t\u00fdl a identitu. Nie\u010do, za \u010d\u00edm si stoj\u00edme a \u010do patr\u00ed len pre t\u00fdch \u010do si v\u00e1\u017eia sami seba, pr\u00e1cu in\u00fdch a pitie v\u00edna je ich \u017eivotn\u00fd \u0161t\u00fdl. Bratia Frt\u00fasovci.<\/p>\n<p><strong>PIVNICA CSERNUS<\/strong> je rodinn\u00e9 remeseln\u00edcke vin\u00e1rstvo, ktor\u00e9 s\u00eddli v ju\u017enej \u010dasti Stredoslovenskej vinohradn\u00edckej oblasti pri obci Vinica, na ju\u017enom a malebnom, sope\u010dnom svahu vrchu Str\u00e1\u017e. Na\u0161a rodina sa zaober\u00e1 v\u00fdrobou v\u00edna u\u017e viac gener\u00e1ci\u00ed. Pri v\u00fdrobe v\u00edna preferujeme oxida\u010dn\u00fa technol\u00f3giu. Na\u0161e v\u00edna s\u00fa vyroben\u00e9 s ve\u013ekou starostlivos\u0165ou len z pr\u00edrodn\u00fdch materi\u00e1lov (bez konzerva\u010dn\u00fdch l\u00e1tok, s minim\u00e1lnym obsahom SO2). V\u00edna vyzrievaj\u00fa v pivnici za 1-2 roky, len potom nasleduje f\u013ea\u0161kovanie v\u00edna.<\/p>\n<p><strong>V\u00cdNO LAUKO<\/strong> je mal\u00e9 rodinn\u00e9 vin\u00e1rstvo zo Sebechlieb \u2013 lokalita Star\u00e1 hora.<\/p>\n<p><b>V\u00cdNO NATURAL Domin &amp; Ku\u0161ick\u00fd <\/b>Po mnohoro\u010dn\u00fdch sk\u00fasenostiach s v\u00fdrobou v\u00edna za b\u00fdval\u00e9ho re\u017eimu a s podnikan\u00edm s bioproduktami v 90. rokoch sa zanieten\u00fd vin\u00e1r a degust\u00e1tor J\u00e1n Domin za\u010dal zaobera\u0165 my\u0161lienkou rodinn\u00e9ho ekologick\u00e9ho vin\u00e1rstva. Dnes ho ved\u00fa na 40-tich ha vlastn\u00fdch vinohradov v Modrokamenskom a Vinickom regi\u00f3ne na juhu stredn\u00e9ho Slovenska. V\u00edna maj\u00fa v\u00fdrazn\u00e9 odrodov\u00e9 charaktery a zharmonizovan\u00e9 kyseliny \u2013 pr\u00edli\u0161 drsn\u00e1 kyselina jabl\u010dn\u00e1 je riadenou jabl\u010dno-mlie\u010dnou ferment\u00e1ciou \u00faplne odb\u00faran\u00e1. Preto v\u00edna ost\u00e1vaj\u00fa dlho svie\u017ee a maj\u00fa dlh\u00fd dozrievac\u00ed potenci\u00e1l. V\u0161etky v\u00edna s\u00fa bez chemickej stabiliz\u00e1cie, aj obsah s\u00edry je v\u00fdrazne pod povolenou normou.<\/p>\n<p><strong>KIN\u010cI rodinn\u00e9 vin\u00e1rstvo <\/strong>Sme mal\u00e9 remeseln\u00e9 vin\u00e1rstvo, ktor\u00e9 n\u00e1jdete na z\u00e1padnom c\u00edpe \u0160tiavnick\u00fdch vrchov v obci Rybn\u00edk \u2013 Nitrianska vinohradn\u00edcka oblas\u0165, Tekovsk\u00fd raj\u00f3n. Na\u0161e v\u00edna tvor\u00edme natur\u00e1lnym sp\u00f4sobom s d\u00f4razom na hrozno, ktor\u00e9 pestujeme v BIO kvalite vo vlastn\u00fdch vinohradoch na ju\u017en\u00fdch svahoch so sope\u010dn\u00fdm podlo\u017e\u00edm. Zakladate\u013e Stanislav Kin\u010di sa vin\u00e1rstvu venuje od roku 1991, ako prv\u00fd z gener\u00e1cie vin\u00e1rov v rodine, a spolu so synom Tom\u00e1\u0161om obhospodaruje 25ha vin\u00edc a vyr\u00e1ba cca 20-tis\u00edc litrov v\u00edna ro\u010dne.<\/p>\n<p><strong>NAJV\u00c4\u010cSIA V\u00cdNNA PIVNICA V PUKANCI\u00a0<\/strong>Hist\u00f3ria, s\u00fa\u010dasnos\u0165 i\u00a0s\u013eubn\u00e1 bud\u00facnos\u0165 s\u00fa neust\u00e1le pr\u00edtomn\u00e9 v\u00a0genius loci Najv\u00e4\u010d\u0161ej v\u00ednnej pivnice v\u00a0Pukanci. Jej pr\u00edbeh sa za\u010dal p\u00edsa\u0165 u\u017e v\u00a0roku 1900. Vtedy sa rozhodol Johannes Ciglan, obchodn\u00edk s\u00a0v\u00ednom, premeni\u0165 b\u00fdval\u00fa bansk\u00fa \u0161t\u00f4l\u0148u na pivnicu. Nad jej vchodom dal postavi\u0165 budovu vin\u00e1rstva z dovtedy v\u00a0Hornom Uhorsku netradi\u010dn\u00e9ho materi\u00e1lu &#8211; \u017eelezobet\u00f3nu. Tento materi\u00e1l bol pou\u017eit\u00fd aj na vybudovanie dvoch cisterien pre uskladnenie v\u00edna v\u00a0port\u00e1li pivnice. Av\u0161ak aj do samotnej stavby sa znova vmiesila hist\u00f3ria, ke\u010f\u017ee z\u00e1klady tvoria kamene z\u00a0mestsk\u00e9ho opevnenia z\u00a0\u010dias tureck\u00fdch vp\u00e1dov.\u00a0Pivnica spolu s\u00a0pri\u013eahl\u00fdm are\u00e1lom\u00a0 bola dlh\u00e9 roky vyu\u017e\u00edvan\u00e1 pukan\u010danmi pre z\u00e1bavu a\u00a0pote\u0161enie.D\u00f4kazom toho je aj dobov\u00e1 poh\u013eadnica s\u00a0popisom \u201e<strong>Cig\u013eanovo letn\u00e9 z\u00e1bavi\u0161te<\/strong>\u201c.\u00a0Na rozkvet p\u00f4vodn\u00e9ho vin\u00e1rstva, ktor\u00fd bol n\u00fatene ukon\u010den\u00fd v p\u00e4\u0165desiatych rokov 20. storo\u010dia\u00a0 sa rozhodla\u00a0<strong>nadviaza\u0165 rodina J\u00e1na Rosenbergera<\/strong>. Od roku 1998 a\u017e do dne\u0161n\u00fdch dn\u00ed pivnica prech\u00e1dza postupnou rekon\u0161trukciou, ktor\u00e1 sa odr\u00e1\u017ea v\u00a0stavebn\u00fdch \u00faprav\u00e1ch, ako aj v technologickej vybavenosti.<\/p>\n<p><strong>VIN\u00c1RSTVO MICHELLE\u00a0<\/strong>Sme mal\u00e9 rodinn\u00e9 vin\u00e1rstvo p\u00f4sobiace od roku 1991. Z\u00faro\u010dujeme 25 ro\u010dn\u00e9 sk\u00fasenosti v oblasti pestovania vini\u010da a v\u00fdroby v\u00edna. Vyr\u00e1bame 10-15 druhov odrodov\u00fdch, pr\u00edvlastkov\u00fdch v\u00edn v limitovan\u00fdch ed\u00edci\u00e1ch. Ku ka\u017ed\u00e9mu v\u00ednu pristupujeme individu\u00e1lne. Hrozno je spracovan\u00e9 modernou technol\u00f3giou, riadenou ferment\u00e1ciou, redukt\u00edvnou met\u00f3dou.\u00a0Hrozno nakupujeme od v\u00fdhradn\u00e9ho dod\u00e1vate\u013ea P.D.\u017demberovce, z vinohradov, ktor\u00e9 le\u017eia na \u00fap\u00e4t\u00ed ju\u017en\u00fdch svahov \u0160tiavnick\u00fdch vrchov.<\/p>\n<p><strong>VINOJEK\u00a0<\/strong>Sme mal\u00e1 rodinn\u00e1 firma, ktor\u00e1 vznikla v roku 1992, na\u0161e vinohrady sa nach\u00e1dzaj\u00fa v obci Rykyn\u010dice. V\u0161etky v\u00edna s\u00fa vyroben\u00e9 met\u00f3dou riaden\u00e9ho kvasenia a v\u010faka nov\u00fdm technologick\u00fdm postupom si zachov\u00e1vaj\u00fa svoj v\u00fdrazn\u00fd odrodov\u00fd charakter, \u010dist\u00fa v\u00f4\u0148u a svie\u017eu lahodn\u00fa chu\u0165.<\/p>\n<p><strong>Vinohrady a vin\u00e1rstvo Zsigmond<\/strong> Z\u00e1kladn\u00e1 my\u0161lienka zalo\u017eenia rodinnej vinohradn\u00edcko \u2013 vin\u00e1rskej firmy\u00a0Zsigmondovcov nadv\u00e4zuje na viac ako 100 ro\u010dn\u00e9 sk\u00fasenosti s\u00a0pestovan\u00edm hrozna a\u00a0v\u00fdrobou v\u00edna. Na\u0161a pivnica a\u00a0vinohrady sa nach\u00e1dzaj\u00fa vo vinohradn\u00edckej obci Vinica.\u00a0Z\u00e1klady vinohradov a\u00a0vin\u00e1rstva polo\u017eilLadislav Zsigmond star\u0161\u00ed so synom Ladislavom mlad\u0161\u00edm\u00a0e\u0161te v dev\u00e4\u0165desiatych rokoch minul\u00e9ho storo\u010dia, kedy vysadili 1,5 hekt\u00e1rov\u00fd vinohrad, ktor\u00fd usilovnou pr\u00e1cou rozr\u00e1stol a\u017e na moment\u00e1lnu plochu 75 hekt\u00e1rov. Pri v\u00fdbere odrodovej skladby sa e\u0161te zamerali na tradi\u010dn\u00e9 odrody ako Rizling vla\u0161sk\u00fd, Rizling r\u00fdnsky, Rulandsk\u00e9 biele \u010di Frankovka modr\u00e1. Nov\u00e9 my\u0161lienky do vin\u00e1rstva priniesol\u00a0syn Gabriel\u00a0po ukon\u010den\u00ed \u0161t\u00fadia v odbore. Od roku 2005 za\u010dal p\u00f4sobi\u0165 vo vin\u00e1rstve a na jeho odpor\u00fa\u010danie za\u010dali pestova\u0165 aj svetov\u00e9 odrody ako Chardonnay, Sauvignon blanc, Pinot noir, \u010di Cabernet sauvignon.<\/p>\n<p><strong>Pivnica Ladzany<\/strong>\u00a0Na\u0161e vinohrady sa nach\u00e1dzaj\u00fa v obci Hontianske Tes\u00e1re &#8211; b\u00fdval\u00e1 dru\u017estevn\u00e1 vinica. tento vinohrad m\u00e1 viac ako 30 rokov. V tejto lokalite je p\u00f4dny horizont v hr\u00fabke len cca 40 cm a v\u0161etko ostatn\u00e9 je len sope\u010dn\u00fd tuf. Preto s\u00fa na\u0161e v\u00edna v\u00fdrazn\u00e9 v trielovin\u00e1ch a mineralite.<\/p>\n<p><strong>V\u00edno od Franc\u00faza<\/strong> Sme mal\u00e1 firma situovan\u00e1 v malej \u010darovnej dedinke Devi\u010die. V roku 2018 sme vyrobili na\u0161e prv\u00e9 v\u00edno\u00a0z k\u00fapen\u00e9ho bio hrozna. Pripravujeme pozemky na v\u00fdsadbu vin\u00edc v ekologickom po\u013enohospod\u00e1rstve.\u00a0Re\u0161pektujeme pr\u00edrodu, v\u00edno a dovol\u00edme hroznu aby sa uk\u00e1zalo v jeho prirodzenej par\u00e1de.\u00a0Na\u0161e v\u00edna s\u00fa vyroben\u00e9 s v\u00e1\u0161\u0148ou a l\u00e1skou. Pre n\u00e1s v\u00edno nie je recept. V\u00edno bude tak\u00e9, ak\u00e9 je hrozno.\u00a0Ver\u00edme, \u017ee z dobr\u00e9ho hrozna, m\u00f4\u017eeme urobi\u0165 dobr\u00e9 v\u00edno, s minimom z\u00e1sahov a pridan\u00fdch l\u00e1tok. Tak\u00a0sk\u00fa\u0161ame ni\u010d neprid\u00e1va\u0165, re\u0161pektova\u0165 hrozno, nasledova\u0165 natur\u00e1lny proces a d\u00fafame, \u017ee sa V\u00e1m to<br \/>\nbude p\u00e1\u010di\u0165 \ud83d\ude42<\/p>\n<p><strong>BAHNA &amp; MURGA\u0160\u00a0<\/strong>Sme mal\u00e9 remeseln\u00e9 vin\u00e1rstvo situovan\u00e9 v obci Pukanec. Na\u0161a ro\u010dn\u00e1 produkcia je do 5000 flia\u0161. \u0160pecializujeme sa len na hrozno dopestovan\u00e9 na sope\u010dnej p\u00f4de \u0161tiavnick\u00fdch vrchov. \u010cas\u0165 hrozna z\u00edskavame z vlastnoru\u010dne obhospodarovan\u00fdch vinohradov v Pukanci, \u010das\u0165 hrozna nakupujeme od vin\u00e1rstiev Mur\u00e1ni &#8211; v\u00edno \u010cajkov a Kin\u010di &#8211; rodinn\u00e9 vin\u00e1rstvo Rybn\u00edk. Vych\u00e1dzame z bohatej rodinnej, mnohogenera\u010dnej trad\u00edcie v\u00fdroby v\u00edna.\u00a0 Nepou\u017e\u00edvame \u017eiadne \u010d\u00edridl\u00e1, enz\u00fdmy a in\u00e9 vylep\u0161ova\u010de dokonalosti v\u00fdsledn\u00e9ho produktu.\u00a0 Na\u0161a pivnica je b\u00fdval\u00e9 bansk\u00e9 dielo, ktor\u00e9 bolo razen\u00e9 u\u017e v stredoveku. Tento priestor neumo\u017e\u0148uje pou\u017e\u00edva\u0165 \u017eiadne modern\u00e9 technol\u00f3gie. Na z\u00e1klade toho produkujeme len autentick\u00e9 v\u00edna. Na\u0161e v\u00edna vznikaj\u00fa pomaly, preto maj\u00fa v\u00fdrazn\u00fa a bohat\u00fa chu\u0165.<\/p>\n","protected":false},"excerpt":{"rendered":"<p>Vo ViNOCENTRE pon\u00fakame v\u00edna od vin\u00e1rov z regi\u00f3nov Tekov a Hont, ktor\u00ed pestuj\u00fa hrozno a dor\u00e1baj\u00fa v\u00edno na ju\u017en\u00fdch svahoch \u0160tiavnick\u00fdch vrchov.\u00a0Tieto inform\u00e1cie s\u00fa s l\u00e1skav\u00fdm dovolen\u00edm autora prevzat\u00e9 z webu http:\/\/terroirtekov.sk. V\u00cdNO SVET\u00cdK je mal\u00e1 rodinn\u00e1 firma ktor\u00e1 sa v\u00fdrobou v\u00edna zaober\u00e1 od r.1990. Ing. J\u00e1n Svet\u00edk je absolventom V\u0160Z Brno, fakulta z\u00e1hradn\u00edctvo. S\u00fa\u010dasn\u00e1 [&hellip;]<\/p>\n","protected":false},"author":1,"featured_media":0,"parent":0,"menu_order":0,"comment_status":"closed","ping_status":"closed","template":"","meta":{"_genesis_hide_title":false,"_genesis_hide_breadcrumbs":false,"_genesis_hide_singular_image":false,"_genesis_hide_footer_widgets":false,"_genesis_custom_body_class":"","_genesis_custom_post_class":"","_genesis_layout":"full-width-content","jetpack_post_was_ever_published":false,"footnotes":""},"class_list":{"0":"post-133","1":"page","2":"type-page","3":"status-publish","5":"entry"},"jetpack_sharing_enabled":true,"jetpack_shortlink":"https:\/\/wp.me\/P9MoDW-29","_links":{"self":[{"href":"https:\/\/www.vinocentrum.sk\/stiavnica\/wp-json\/wp\/v2\/pages\/133","targetHints":{"allow":["GET"]}}],"collection":[{"href":"https:\/\/www.vinocentrum.sk\/stiavnica\/wp-json\/wp\/v2\/pages"}],"about":[{"href":"https:\/\/www.vinocentrum.sk\/stiavnica\/wp-json\/wp\/v2\/types\/page"}],"author":[{"embeddable":true,"href":"https:\/\/www.vinocentrum.sk\/stiavnica\/wp-json\/wp\/v2\/users\/1"}],"replies":[{"embeddable":true,"href":"https:\/\/www.vinocentrum.sk\/stiavnica\/wp-json\/wp\/v2\/comments?post=133"}],"version-history":[{"count":39,"href":"https:\/\/www.vinocentrum.sk\/stiavnica\/wp-json\/wp\/v2\/pages\/133\/revisions"}],"predecessor-version":[{"id":1144,"href":"https:\/\/www.vinocentrum.sk\/stiavnica\/wp-json\/wp\/v2\/pages\/133\/revisions\/1144"}],"wp:attachment":[{"href":"https:\/\/www.vinocentrum.sk\/stiavnica\/wp-json\/wp\/v2\/media?parent=133"}],"curies":[{"name":"wp","href":"https:\/\/api.w.org\/{rel}","templated":true}]}}